{"id":14782,"date":"2023-03-20T18:47:12","date_gmt":"2023-03-20T17:47:12","guid":{"rendered":"https:\/\/dinorank.com\/blog\/?page_id=14782"},"modified":"2025-07-17T14:53:31","modified_gmt":"2025-07-17T12:53:31","slug":"autores-seo-del-blog-de-dinorank","status":"publish","type":"page","link":"https:\/\/dinorank.com\/blog\/autores-seo\/","title":{"rendered":"Autores SEO del Blog de DinoRANK"},"content":{"rendered":"\t\t<div data-elementor-type=\"wp-page\" data-elementor-id=\"14782\" class=\"elementor elementor-14782\" data-elementor-post-type=\"page\">\n\t\t\t\t<div class=\"elementor-element elementor-element-41f4552 e-flex e-con-boxed e-con e-parent\" data-id=\"41f4552\" data-element_type=\"container\" data-e-type=\"container\">\n\t\t\t\t\t<div class=\"e-con-inner\">\n\t\t\t\t<div class=\"elementor-element elementor-element-881fb05 elementor-widget elementor-widget-heading\" data-id=\"881fb05\" data-element_type=\"widget\" data-e-type=\"widget\" data-widget_type=\"heading.default\">\n\t\t\t\t<div class=\"elementor-widget-container\">\n\t\t\t\t\t<h1 class=\"elementor-heading-title elementor-size-default\">Responsables del Blog SEO de Dinorank<\/h1>\t\t\t\t<\/div>\n\t\t\t\t<\/div>\n\t\t\t\t\t<\/div>\n\t\t\t\t<\/div>\n\t\t<div class=\"elementor-element elementor-element-94137f7 e-flex e-con-boxed e-con e-parent\" data-id=\"94137f7\" data-element_type=\"container\" data-e-type=\"container\">\n\t\t\t\t\t<div class=\"e-con-inner\">\n\t\t<div class=\"elementor-element elementor-element-b0e45e4 e-con-full e-flex e-con e-parent\" data-id=\"b0e45e4\" data-element_type=\"container\" data-e-type=\"container\">\n\t\t\t\t<div class=\"elementor-element elementor-element-b8d5df8 elementor-widget elementor-widget-image\" data-id=\"b8d5df8\" data-element_type=\"widget\" data-e-type=\"widget\" data-widget_type=\"image.default\">\n\t\t\t\t<div class=\"elementor-widget-container\">\n\t\t\t\t\t\t\t\t\t\t\t\t\t\t\t<img fetchpriority=\"high\" decoding=\"async\" width=\"768\" height=\"512\" src=\"https:\/\/dinorank.com\/blog\/wp-content\/uploads\/2023\/03\/EduardCoromina_Reportatge-393-768x512.jpg\" class=\"attachment-medium_large size-medium_large wp-image-14785\" alt=\"fotografia de Edu Coromina\" srcset=\"https:\/\/dinorank.com\/blog\/wp-content\/uploads\/2023\/03\/EduardCoromina_Reportatge-393-768x512.jpg 768w, https:\/\/dinorank.com\/blog\/wp-content\/uploads\/2023\/03\/EduardCoromina_Reportatge-393-300x200.jpg 300w, https:\/\/dinorank.com\/blog\/wp-content\/uploads\/2023\/03\/EduardCoromina_Reportatge-393-1024x683.jpg 1024w, https:\/\/dinorank.com\/blog\/wp-content\/uploads\/2023\/03\/EduardCoromina_Reportatge-393-270x180.jpg 270w, https:\/\/dinorank.com\/blog\/wp-content\/uploads\/2023\/03\/EduardCoromina_Reportatge-393.jpg 1200w\" sizes=\"(max-width: 768px) 100vw, 768px\" \/>\t\t\t\t\t\t\t\t\t\t\t\t\t\t\t<\/div>\n\t\t\t\t<\/div>\n\t\t\t\t<div class=\"elementor-element elementor-element-8f6fc9c elementor-align-justify elementor-widget elementor-widget-button\" data-id=\"8f6fc9c\" data-element_type=\"widget\" data-e-type=\"widget\" data-widget_type=\"button.default\">\n\t\t\t\t<div class=\"elementor-widget-container\">\n\t\t\t\t\t\t\t\t\t<div class=\"elementor-button-wrapper\">\n\t\t\t\t\t<a class=\"elementor-button elementor-button-link elementor-size-sm\" href=\"https:\/\/dinorank.com\/blog\/eduard-coromina\/\">\n\t\t\t\t\t\t<span class=\"elementor-button-content-wrapper\">\n\t\t\t\t\t\t\t\t\t<span class=\"elementor-button-text\">Eduard Coromina<\/span>\n\t\t\t\t\t<\/span>\n\t\t\t\t\t<\/a>\n\t\t\t\t<\/div>\n\t\t\t\t\t\t\t\t<\/div>\n\t\t\t\t<\/div>\n\t\t\t\t<\/div>\n\t\t<div class=\"elementor-element elementor-element-095bd22 e-con-full e-flex e-con e-parent\" data-id=\"095bd22\" data-element_type=\"container\" data-e-type=\"container\">\n\t\t\t\t<div class=\"elementor-element elementor-element-cfce32d elementor-widget elementor-widget-image\" data-id=\"cfce32d\" data-element_type=\"widget\" data-e-type=\"widget\" data-widget_type=\"image.default\">\n\t\t\t\t<div class=\"elementor-widget-container\">\n\t\t\t\t\t\t\t\t\t\t\t\t\t\t\t<img decoding=\"async\" src=\"https:\/\/dinorank.com\/blog\/wp-content\/uploads\/2023\/03\/dean-romero-1-1.jpg\" title=\"dean romero\" alt=\"dean romero\" loading=\"lazy\" \/>\t\t\t\t\t\t\t\t\t\t\t\t\t\t\t<\/div>\n\t\t\t\t<\/div>\n\t\t\t\t<div class=\"elementor-element elementor-element-e155938 elementor-align-justify elementor-widget elementor-widget-button\" data-id=\"e155938\" data-element_type=\"widget\" data-e-type=\"widget\" data-widget_type=\"button.default\">\n\t\t\t\t<div class=\"elementor-widget-container\">\n\t\t\t\t\t\t\t\t\t<div class=\"elementor-button-wrapper\">\n\t\t\t\t\t<a class=\"elementor-button elementor-button-link elementor-size-sm\" href=\"https:\/\/dinorank.com\/blog\/dean-romero-seo\/\">\n\t\t\t\t\t\t<span class=\"elementor-button-content-wrapper\">\n\t\t\t\t\t\t\t\t\t<span class=\"elementor-button-text\">Dean Romero<\/span>\n\t\t\t\t\t<\/span>\n\t\t\t\t\t<\/a>\n\t\t\t\t<\/div>\n\t\t\t\t\t\t\t\t<\/div>\n\t\t\t\t<\/div>\n\t\t\t\t<\/div>\n\t\t\t\t\t<\/div>\n\t\t\t\t<\/div>\n\t\t<div class=\"elementor-element elementor-element-9954ab8 e-flex e-con-boxed e-con e-parent\" data-id=\"9954ab8\" data-element_type=\"container\" data-e-type=\"container\">\n\t\t\t\t\t<div class=\"e-con-inner\">\n\t\t<div class=\"elementor-element elementor-element-41750b7 e-flex e-con-boxed e-con e-parent\" data-id=\"41750b7\" data-element_type=\"container\" data-e-type=\"container\">\n\t\t\t\t\t<div class=\"e-con-inner\">\n\t\t\t\t<div class=\"elementor-element elementor-element-3899179 elementor-widget elementor-widget-text-editor\" data-id=\"3899179\" data-element_type=\"widget\" data-e-type=\"widget\" data-widget_type=\"text-editor.default\">\n\t\t\t\t<div class=\"elementor-widget-container\">\n\t\t\t\t\t\t\t\t\t<p style=\"text-align: center;\">Pulsa en el nombre del autor y obt\u00e9n informaci\u00f3n sobre \u00e9l y sus trabajos: su trayectoria y background en el sector del SEO: sus redes sociales por si lo quieres seguir, sus \u00faltimos art\u00edculos o podcasts publicados en el blog de DinoRANK y art\u00edculos que el autor ha publicado en otras webs de referencia a nivel SEO.<\/p>\t\t\t\t\t\t\t\t<\/div>\n\t\t\t\t<\/div>\n\t\t\t\t<div class=\"elementor-element elementor-element-9946c78 elementor-widget elementor-widget-heading\" data-id=\"9946c78\" data-element_type=\"widget\" data-e-type=\"widget\" data-widget_type=\"heading.default\">\n\t\t\t\t<div class=\"elementor-widget-container\">\n\t\t\t\t\t<h1 class=\"elementor-heading-title elementor-size-default\">Autores Invitados al blog<\/h1>\t\t\t\t<\/div>\n\t\t\t\t<\/div>\n\t\t\t\t\t<\/div>\n\t\t\t\t<\/div>\n\t\t\t\t\t<\/div>\n\t\t\t\t<\/div>\n\t\t<div class=\"elementor-element elementor-element-dd84204 e-flex e-con-boxed e-con e-parent\" data-id=\"dd84204\" data-element_type=\"container\" data-e-type=\"container\">\n\t\t\t\t\t<div class=\"e-con-inner\">\n\t\t<div class=\"elementor-element elementor-element-26b9b4b e-con-full e-flex e-con e-parent\" data-id=\"26b9b4b\" data-element_type=\"container\" data-e-type=\"container\">\n\t\t\t\t<div class=\"elementor-element elementor-element-5627fdb elementor-widget elementor-widget-image\" data-id=\"5627fdb\" data-element_type=\"widget\" data-e-type=\"widget\" data-widget_type=\"image.default\">\n\t\t\t\t<div class=\"elementor-widget-container\">\n\t\t\t\t\t\t\t\t\t\t\t\t\t\t\t<img decoding=\"async\" width=\"300\" height=\"300\" src=\"https:\/\/dinorank.com\/blog\/wp-content\/uploads\/2023\/04\/sebastian-cardozo-300x300.jpg\" class=\"attachment-medium size-medium wp-image-15957\" alt=\"sebasti\u00e1n cardozo, consultor seo\" srcset=\"https:\/\/dinorank.com\/blog\/wp-content\/uploads\/2023\/04\/sebastian-cardozo-300x300.jpg 300w, https:\/\/dinorank.com\/blog\/wp-content\/uploads\/2023\/04\/sebastian-cardozo-150x150.jpg 150w, https:\/\/dinorank.com\/blog\/wp-content\/uploads\/2023\/04\/sebastian-cardozo-370x370.jpg 370w, https:\/\/dinorank.com\/blog\/wp-content\/uploads\/2023\/04\/sebastian-cardozo.jpg 400w\" sizes=\"(max-width: 300px) 100vw, 300px\" \/>\t\t\t\t\t\t\t\t\t\t\t\t\t\t\t<\/div>\n\t\t\t\t<\/div>\n\t\t\t\t<div class=\"elementor-element elementor-element-e717413 elementor-align-center elementor-widget elementor-widget-button\" data-id=\"e717413\" data-element_type=\"widget\" data-e-type=\"widget\" data-widget_type=\"button.default\">\n\t\t\t\t<div class=\"elementor-widget-container\">\n\t\t\t\t\t\t\t\t\t<div class=\"elementor-button-wrapper\">\n\t\t\t\t\t<a class=\"elementor-button elementor-button-link elementor-size-sm\" href=\"https:\/\/dinorank.com\/blog\/author\/sebastian-cardozo\/\">\n\t\t\t\t\t\t<span class=\"elementor-button-content-wrapper\">\n\t\t\t\t\t\t\t\t\t<span class=\"elementor-button-text\">Sebasti\u00e1n Cardozo<\/span>\n\t\t\t\t\t<\/span>\n\t\t\t\t\t<\/a>\n\t\t\t\t<\/div>\n\t\t\t\t\t\t\t\t<\/div>\n\t\t\t\t<\/div>\n\t\t\t\t<\/div>\n\t\t<div class=\"elementor-element elementor-element-f5b4142 e-con-full e-flex e-con e-parent\" data-id=\"f5b4142\" data-element_type=\"container\" data-e-type=\"container\">\n\t\t\t\t<div class=\"elementor-element elementor-element-fb74d76 elementor-widget elementor-widget-image\" data-id=\"fb74d76\" data-element_type=\"widget\" data-e-type=\"widget\" data-widget_type=\"image.default\">\n\t\t\t\t<div class=\"elementor-widget-container\">\n\t\t\t\t\t\t\t\t\t\t\t\t\t\t\t<img decoding=\"async\" width=\"300\" height=\"300\" src=\"https:\/\/dinorank.com\/blog\/wp-content\/uploads\/2023\/05\/marcos-pastoriza-300x300.jpeg\" class=\"attachment-medium size-medium wp-image-16046\" alt=\"marcos pastoriza\" srcset=\"https:\/\/dinorank.com\/blog\/wp-content\/uploads\/2023\/05\/marcos-pastoriza-300x300.jpeg 300w, https:\/\/dinorank.com\/blog\/wp-content\/uploads\/2023\/05\/marcos-pastoriza-150x150.jpeg 150w, https:\/\/dinorank.com\/blog\/wp-content\/uploads\/2023\/05\/marcos-pastoriza-768x768.jpeg 768w, https:\/\/dinorank.com\/blog\/wp-content\/uploads\/2023\/05\/marcos-pastoriza-370x370.jpeg 370w, https:\/\/dinorank.com\/blog\/wp-content\/uploads\/2023\/05\/marcos-pastoriza.jpeg 800w\" sizes=\"(max-width: 300px) 100vw, 300px\" \/>\t\t\t\t\t\t\t\t\t\t\t\t\t\t\t<\/div>\n\t\t\t\t<\/div>\n\t\t\t\t<div class=\"elementor-element elementor-element-fe0afa1 elementor-align-center elementor-widget elementor-widget-button\" data-id=\"fe0afa1\" data-element_type=\"widget\" data-e-type=\"widget\" data-widget_type=\"button.default\">\n\t\t\t\t<div class=\"elementor-widget-container\">\n\t\t\t\t\t\t\t\t\t<div class=\"elementor-button-wrapper\">\n\t\t\t\t\t<a class=\"elementor-button elementor-button-link elementor-size-sm\" href=\"https:\/\/dinorank.com\/blog\/como-configurar-google-analytics-4-para-seo\/\">\n\t\t\t\t\t\t<span class=\"elementor-button-content-wrapper\">\n\t\t\t\t\t\t\t\t\t<span class=\"elementor-button-text\">Marcos Pastoriza<\/span>\n\t\t\t\t\t<\/span>\n\t\t\t\t\t<\/a>\n\t\t\t\t<\/div>\n\t\t\t\t\t\t\t\t<\/div>\n\t\t\t\t<\/div>\n\t\t\t\t<\/div>\n\t\t<div class=\"elementor-element elementor-element-05125fa e-con-full e-flex e-con e-parent\" data-id=\"05125fa\" data-element_type=\"container\" data-e-type=\"container\">\n\t\t\t\t<\/div>\n\t\t<div class=\"elementor-element elementor-element-0d47aff e-con-full e-flex e-con e-parent\" data-id=\"0d47aff\" data-element_type=\"container\" data-e-type=\"container\">\n\t\t\t\t<\/div>\n\t\t\t\t\t<\/div>\n\t\t\t\t<\/div>\n\t\t\t\t<\/div>\n\t\t","protected":false},"excerpt":{"rendered":"","protected":false},"author":3,"featured_media":0,"parent":0,"menu_order":0,"comment_status":"closed","ping_status":"closed","template":"","meta":{"_acf_changed":false,"footnotes":""},"class_list":["post-14782","page","type-page","status-publish","hentry"],"acf":[],"_links":{"self":[{"href":"https:\/\/dinorank.com\/blog\/wp-json\/wp\/v2\/pages\/14782","targetHints":{"allow":["GET"]}}],"collection":[{"href":"https:\/\/dinorank.com\/blog\/wp-json\/wp\/v2\/pages"}],"about":[{"href":"https:\/\/dinorank.com\/blog\/wp-json\/wp\/v2\/types\/page"}],"author":[{"embeddable":true,"href":"https:\/\/dinorank.com\/blog\/wp-json\/wp\/v2\/users\/3"}],"replies":[{"embeddable":true,"href":"https:\/\/dinorank.com\/blog\/wp-json\/wp\/v2\/comments?post=14782"}],"version-history":[{"count":3,"href":"https:\/\/dinorank.com\/blog\/wp-json\/wp\/v2\/pages\/14782\/revisions"}],"predecessor-version":[{"id":30253,"href":"https:\/\/dinorank.com\/blog\/wp-json\/wp\/v2\/pages\/14782\/revisions\/30253"}],"wp:attachment":[{"href":"https:\/\/dinorank.com\/blog\/wp-json\/wp\/v2\/media?parent=14782"}],"curies":[{"name":"wp","href":"https:\/\/api.w.org\/{rel}","templated":true}]}}