{"id":18772,"date":"2023-11-03T09:49:53","date_gmt":"2023-11-03T08:49:53","guid":{"rendered":"https:\/\/dinorank.com\/blog\/?page_id=18772"},"modified":"2023-11-03T12:54:45","modified_gmt":"2023-11-03T11:54:45","slug":"lp-multiplica-tu-trafico-web-en-3-pasos","status":"publish","type":"page","link":"https:\/\/dinorank.com\/blog\/lp-3-pasos\/","title":{"rendered":"Multiplica tu tr\u00e1fico web en 3 pasos"},"content":{"rendered":"\t\t<div data-elementor-type=\"wp-page\" data-elementor-id=\"18772\" class=\"elementor elementor-18772\" data-elementor-post-type=\"page\">\n\t\t\t\t\t\t<section class=\"elementor-section elementor-top-section elementor-element elementor-element-8b04c4b elementor-section-boxed elementor-section-height-default elementor-section-height-default\" data-id=\"8b04c4b\" data-element_type=\"section\" data-e-type=\"section\" data-settings=\"{&quot;background_background&quot;:&quot;classic&quot;,&quot;shape_divider_bottom&quot;:&quot;triangle-asymmetrical&quot;,&quot;shape_divider_bottom_negative&quot;:&quot;yes&quot;}\">\n\t\t\t\t\t<div class=\"elementor-shape elementor-shape-bottom\" aria-hidden=\"true\" data-negative=\"true\">\n\t\t\t<svg xmlns=\"http:\/\/www.w3.org\/2000\/svg\" viewBox=\"0 0 1000 100\" preserveAspectRatio=\"none\">\n\t<path class=\"elementor-shape-fill\" d=\"M737.9,94.7L0,0v100h1000V0L737.9,94.7z\"\/>\n<\/svg>\t\t<\/div>\n\t\t\t\t\t<div class=\"elementor-container elementor-column-gap-default\">\n\t\t\t\t\t<div class=\"elementor-column elementor-col-100 elementor-top-column elementor-element elementor-element-bc4c77e\" data-id=\"bc4c77e\" data-element_type=\"column\" data-e-type=\"column\">\n\t\t\t<div class=\"elementor-widget-wrap elementor-element-populated\">\n\t\t\t\t\t\t<div class=\"elementor-element elementor-element-596bfbe elementor-widget elementor-widget-image\" data-id=\"596bfbe\" data-element_type=\"widget\" data-e-type=\"widget\" data-widget_type=\"image.default\">\n\t\t\t\t<div class=\"elementor-widget-container\">\n\t\t\t\t\t\t\t\t\t\t\t\t\t\t\t<img fetchpriority=\"high\" decoding=\"async\" width=\"1000\" height=\"223\" src=\"https:\/\/dinorank.com\/blog\/wp-content\/uploads\/2023\/08\/LOGO-PNG-6.png\" class=\"attachment-full size-full wp-image-18357\" alt=\"\" srcset=\"https:\/\/dinorank.com\/blog\/wp-content\/uploads\/2023\/08\/LOGO-PNG-6.png 1000w, https:\/\/dinorank.com\/blog\/wp-content\/uploads\/2023\/08\/LOGO-PNG-6-300x67.png 300w, https:\/\/dinorank.com\/blog\/wp-content\/uploads\/2023\/08\/LOGO-PNG-6-768x171.png 768w\" sizes=\"(max-width: 1000px) 100vw, 1000px\" \/>\t\t\t\t\t\t\t\t\t\t\t\t\t\t\t<\/div>\n\t\t\t\t<\/div>\n\t\t\t\t<div class=\"elementor-element elementor-element-851901c elementor-widget elementor-widget-heading\" data-id=\"851901c\" data-element_type=\"widget\" data-e-type=\"widget\" data-widget_type=\"heading.default\">\n\t\t\t\t<div class=\"elementor-widget-container\">\n\t\t\t\t\t<h1 class=\"elementor-heading-title elementor-size-default\">Clase online gratuita<\/h1>\t\t\t\t<\/div>\n\t\t\t\t<\/div>\n\t\t\t\t<div class=\"elementor-element elementor-element-42cd7aa elementor-widget elementor-widget-heading\" data-id=\"42cd7aa\" data-element_type=\"widget\" data-e-type=\"widget\" data-widget_type=\"heading.default\">\n\t\t\t\t<div class=\"elementor-widget-container\">\n\t\t\t\t\t<h1 class=\"elementor-heading-title elementor-size-default\">Multiplica tu tr\u00e1fico web en 3 pasos<\/h1>\t\t\t\t<\/div>\n\t\t\t\t<\/div>\n\t\t\t\t<div class=\"elementor-element elementor-element-5c1e3e5 elementor-align-center elementor-widget elementor-widget-button\" data-id=\"5c1e3e5\" data-element_type=\"widget\" data-e-type=\"widget\" data-widget_type=\"button.default\">\n\t\t\t\t<div class=\"elementor-widget-container\">\n\t\t\t\t\t\t\t\t\t<div class=\"elementor-button-wrapper\">\n\t\t\t\t\t<a class=\"elementor-button elementor-button-link elementor-size-md elementor-animation-grow\" href=\"#cta\" target=\"_blank\" rel=\"nofollow\">\n\t\t\t\t\t\t<span class=\"elementor-button-content-wrapper\">\n\t\t\t\t\t\t\t\t\t<span class=\"elementor-button-text\">Ap\u00fantate gratis<\/span>\n\t\t\t\t\t<\/span>\n\t\t\t\t\t<\/a>\n\t\t\t\t<\/div>\n\t\t\t\t\t\t\t\t<\/div>\n\t\t\t\t<\/div>\n\t\t\t\t\t<\/div>\n\t\t<\/div>\n\t\t\t\t\t<\/div>\n\t\t<\/section>\n\t\t<div class=\"elementor-element elementor-element-81ec32e e-flex e-con-boxed e-con e-parent\" data-id=\"81ec32e\" data-element_type=\"container\" data-e-type=\"container\">\n\t\t\t\t\t<div class=\"e-con-inner\">\n\t\t<div class=\"elementor-element elementor-element-2261213 e-con-full e-flex e-con e-child\" data-id=\"2261213\" data-element_type=\"container\" data-e-type=\"container\">\n\t\t\t\t<div class=\"elementor-element elementor-element-c45ed89 elementor-widget elementor-widget-heading\" data-id=\"c45ed89\" data-element_type=\"widget\" data-e-type=\"widget\" data-widget_type=\"heading.default\">\n\t\t\t\t<div class=\"elementor-widget-container\">\n\t\t\t\t\t<h2 class=\"elementor-heading-title elementor-size-default\">Aprende los pasos exactos para disparar el tr\u00e1fico que llega a tu web.<\/h2>\t\t\t\t<\/div>\n\t\t\t\t<\/div>\n\t\t\t\t<div class=\"elementor-element elementor-element-3b9da82 elementor-icon-list--layout-traditional elementor-list-item-link-full_width elementor-widget elementor-widget-icon-list\" data-id=\"3b9da82\" data-element_type=\"widget\" data-e-type=\"widget\" data-widget_type=\"icon-list.default\">\n\t\t\t\t<div class=\"elementor-widget-container\">\n\t\t\t\t\t\t\t<ul class=\"elementor-icon-list-items\">\n\t\t\t\t\t\t\t<li class=\"elementor-icon-list-item\">\n\t\t\t\t\t\t\t\t\t\t\t<span class=\"elementor-icon-list-icon\">\n\t\t\t\t\t\t\t<i aria-hidden=\"true\" class=\"fas fa-check\"><\/i>\t\t\t\t\t\t<\/span>\n\t\t\t\t\t\t\t\t\t\t<span class=\"elementor-icon-list-text\">Descubre qu\u00e9 contenidos de tu web te pueden traer m\u00e1s tr\u00e1fico y c\u00f3mo hacer que despegue<\/span>\n\t\t\t\t\t\t\t\t\t<\/li>\n\t\t\t\t\t\t\t\t<li class=\"elementor-icon-list-item\">\n\t\t\t\t\t\t\t\t\t\t\t<span class=\"elementor-icon-list-icon\">\n\t\t\t\t\t\t\t<i aria-hidden=\"true\" class=\"fas fa-check\"><\/i>\t\t\t\t\t\t<\/span>\n\t\t\t\t\t\t\t\t\t\t<span class=\"elementor-icon-list-text\">Optimiza la configuraci\u00f3n de tu proyecto para ponerle las cosas f\u00e1ciles a Google.<\/span>\n\t\t\t\t\t\t\t\t\t<\/li>\n\t\t\t\t\t\t\t\t<li class=\"elementor-icon-list-item\">\n\t\t\t\t\t\t\t\t\t\t\t<span class=\"elementor-icon-list-icon\">\n\t\t\t\t\t\t\t<i aria-hidden=\"true\" class=\"fas fa-check\"><\/i>\t\t\t\t\t\t<\/span>\n\t\t\t\t\t\t\t\t\t\t<span class=\"elementor-icon-list-text\">Aprende a espiar a tu competencia y usar sus ideas en favor de tu web.<\/span>\n\t\t\t\t\t\t\t\t\t<\/li>\n\t\t\t\t\t\t<\/ul>\n\t\t\t\t\t\t<\/div>\n\t\t\t\t<\/div>\n\t\t\t\t<\/div>\n\t\t<div class=\"elementor-element elementor-element-245f870 e-con-full e-flex e-con e-child\" data-id=\"245f870\" data-element_type=\"container\" data-e-type=\"container\">\n\t\t\t\t<div class=\"elementor-element elementor-element-f99f221 elementor-widget elementor-widget-image\" data-id=\"f99f221\" data-element_type=\"widget\" data-e-type=\"widget\" data-widget_type=\"image.default\">\n\t\t\t\t<div class=\"elementor-widget-container\">\n\t\t\t\t\t\t\t\t\t\t\t\t\t\t\t<img decoding=\"async\" width=\"588\" height=\"800\" src=\"https:\/\/dinorank.com\/blog\/wp-content\/uploads\/2022\/09\/mockup-dinorank.png\" class=\"attachment-large size-large wp-image-8331\" alt=\"aumentar-trafico-dinorank\" srcset=\"https:\/\/dinorank.com\/blog\/wp-content\/uploads\/2022\/09\/mockup-dinorank.png 588w, https:\/\/dinorank.com\/blog\/wp-content\/uploads\/2022\/09\/mockup-dinorank-221x300.png 221w\" sizes=\"(max-width: 588px) 100vw, 588px\" \/>\t\t\t\t\t\t\t\t\t\t\t\t\t\t\t<\/div>\n\t\t\t\t<\/div>\n\t\t\t\t<\/div>\n\t\t\t\t\t<\/div>\n\t\t\t\t<\/div>\n\t\t\t\t<section class=\"elementor-section elementor-top-section elementor-element elementor-element-4b13395 elementor-section-boxed elementor-section-height-default elementor-section-height-default\" data-id=\"4b13395\" data-element_type=\"section\" data-e-type=\"section\" data-settings=\"{&quot;background_background&quot;:&quot;classic&quot;}\">\n\t\t\t\t\t\t<div class=\"elementor-container elementor-column-gap-default\">\n\t\t\t\t\t<div class=\"elementor-column elementor-col-100 elementor-top-column elementor-element elementor-element-6fa2bcd\" data-id=\"6fa2bcd\" data-element_type=\"column\" data-e-type=\"column\">\n\t\t\t<div class=\"elementor-widget-wrap\">\n\t\t\t\t\t\t\t<\/div>\n\t\t<\/div>\n\t\t\t\t\t<\/div>\n\t\t<\/section>\n\t\t\t\t<section class=\"elementor-section elementor-top-section elementor-element elementor-element-448f2a4 elementor-reverse-mobile elementor-section-boxed elementor-section-height-default elementor-section-height-default\" data-id=\"448f2a4\" data-element_type=\"section\" data-e-type=\"section\" data-settings=\"{&quot;background_background&quot;:&quot;classic&quot;}\">\n\t\t\t\t\t\t<div class=\"elementor-container elementor-column-gap-default\">\n\t\t\t\t\t<div class=\"elementor-column elementor-col-50 elementor-top-column elementor-element elementor-element-235a416\" data-id=\"235a416\" data-element_type=\"column\" data-e-type=\"column\">\n\t\t\t<div class=\"elementor-widget-wrap elementor-element-populated\">\n\t\t\t\t\t\t<div class=\"elementor-element elementor-element-ce3261f elementor-widget__width-initial elementor-widget elementor-widget-image\" data-id=\"ce3261f\" data-element_type=\"widget\" data-e-type=\"widget\" data-widget_type=\"image.default\">\n\t\t\t\t<div class=\"elementor-widget-container\">\n\t\t\t\t\t\t\t\t\t\t\t\t\t\t\t<img decoding=\"async\" width=\"768\" height=\"717\" src=\"https:\/\/dinorank.com\/blog\/wp-content\/uploads\/2022\/09\/dean-dispara-tus-visitas-2-768x722-1.png\" class=\"attachment-large size-large wp-image-8380\" alt=\"\" srcset=\"https:\/\/dinorank.com\/blog\/wp-content\/uploads\/2022\/09\/dean-dispara-tus-visitas-2-768x722-1.png 768w, https:\/\/dinorank.com\/blog\/wp-content\/uploads\/2022\/09\/dean-dispara-tus-visitas-2-768x722-1-300x280.png 300w\" sizes=\"(max-width: 768px) 100vw, 768px\" \/>\t\t\t\t\t\t\t\t\t\t\t\t\t\t\t<\/div>\n\t\t\t\t<\/div>\n\t\t\t\t\t<\/div>\n\t\t<\/div>\n\t\t\t\t<div class=\"elementor-column elementor-col-50 elementor-top-column elementor-element elementor-element-fdf5b82\" data-id=\"fdf5b82\" data-element_type=\"column\" data-e-type=\"column\">\n\t\t\t<div class=\"elementor-widget-wrap elementor-element-populated\">\n\t\t\t\t\t\t<div class=\"elementor-element elementor-element-6ff9c21 elementor-widget elementor-widget-heading\" data-id=\"6ff9c21\" data-element_type=\"widget\" data-e-type=\"widget\" data-widget_type=\"heading.default\">\n\t\t\t\t<div class=\"elementor-widget-container\">\n\t\t\t\t\t<h2 class=\"elementor-heading-title elementor-size-default\">\u00bfQui\u00e9n est\u00e1 detr\u00e1s del curso?<\/h2>\t\t\t\t<\/div>\n\t\t\t\t<\/div>\n\t\t\t\t<div class=\"elementor-element elementor-element-5af34e9 elementor-widget elementor-widget-text-editor\" data-id=\"5af34e9\" data-element_type=\"widget\" data-e-type=\"widget\" data-widget_type=\"text-editor.default\">\n\t\t\t\t<div class=\"elementor-widget-container\">\n\t\t\t\t\t\t\t\t\t<p><em>\u201cHe montado y posicionado decenas y decenas de webs y he formado a cientos de personas para que lo hagan. Y en este curso aprender\u00e1s lo que me habr\u00eda gustado que me explicaran cuando empec\u00e9 hace 9 a\u00f1os\u201d<\/em><\/p>\t\t\t\t\t\t\t\t<\/div>\n\t\t\t\t<\/div>\n\t\t\t\t<div class=\"elementor-element elementor-element-792a410 elementor-widget elementor-widget-heading\" data-id=\"792a410\" data-element_type=\"widget\" data-e-type=\"widget\" data-widget_type=\"heading.default\">\n\t\t\t\t<div class=\"elementor-widget-container\">\n\t\t\t\t\t<h2 class=\"elementor-heading-title elementor-size-default\">Dean Romero<\/h2>\t\t\t\t<\/div>\n\t\t\t\t<\/div>\n\t\t\t\t\t<\/div>\n\t\t<\/div>\n\t\t\t\t\t<\/div>\n\t\t<\/section>\n\t\t\t\t<section class=\"elementor-section elementor-top-section elementor-element elementor-element-ef2e773 elementor-section-boxed elementor-section-height-default elementor-section-height-default\" data-id=\"ef2e773\" data-element_type=\"section\" data-e-type=\"section\" data-settings=\"{&quot;background_background&quot;:&quot;classic&quot;}\">\n\t\t\t\t\t\t<div class=\"elementor-container elementor-column-gap-default\">\n\t\t\t\t\t<div class=\"elementor-column elementor-col-100 elementor-top-column elementor-element elementor-element-7e72cbc\" data-id=\"7e72cbc\" data-element_type=\"column\" data-e-type=\"column\">\n\t\t\t<div class=\"elementor-widget-wrap elementor-element-populated\">\n\t\t\t\t\t\t<div class=\"elementor-element elementor-element-1516dd0 elementor-widget elementor-widget-heading\" data-id=\"1516dd0\" data-element_type=\"widget\" data-e-type=\"widget\" id=\"cta\" data-widget_type=\"heading.default\">\n\t\t\t\t<div class=\"elementor-widget-container\">\n\t\t\t\t\t<h2 class=\"elementor-heading-title elementor-size-default\">Ap\u00fantate gratis y \u201cMultiplica tu tr\u00e1fico web en 3 pasos\u201d<\/h2>\t\t\t\t<\/div>\n\t\t\t\t<\/div>\n\t\t\t\t<section class=\"elementor-section elementor-inner-section elementor-element elementor-element-d26cab7 elementor-section-boxed elementor-section-height-default elementor-section-height-default\" data-id=\"d26cab7\" data-element_type=\"section\" data-e-type=\"section\" data-settings=\"{&quot;background_background&quot;:&quot;classic&quot;}\">\n\t\t\t\t\t\t<div class=\"elementor-container elementor-column-gap-default\">\n\t\t\t\t\t<div class=\"elementor-column elementor-col-100 elementor-inner-column elementor-element elementor-element-4b775d1\" data-id=\"4b775d1\" data-element_type=\"column\" data-e-type=\"column\" data-settings=\"{&quot;background_background&quot;:&quot;classic&quot;}\">\n\t\t\t<div class=\"elementor-widget-wrap elementor-element-populated\">\n\t\t\t\t\t\t<div class=\"elementor-element elementor-element-e7cfacf elementor-widget elementor-widget-shortcode\" data-id=\"e7cfacf\" data-element_type=\"widget\" data-e-type=\"widget\" data-widget_type=\"shortcode.default\">\n\t\t\t\t<div class=\"elementor-widget-container\">\n\t\t\t\t\t\t\t<div class=\"elementor-shortcode\"><div class=\"_form_155\"><\/div><script src=\"https:\/\/deandelafuenteromero.activehosted.com\/f\/embed.php?id=155\" type=\"text\/javascript\" charset=\"utf-8\"><\/script><\/div>\n\t\t\t\t\t\t<\/div>\n\t\t\t\t<\/div>\n\t\t\t\t<div class=\"elementor-element elementor-element-d0ef2cf elementor-widget elementor-widget-heading\" data-id=\"d0ef2cf\" data-element_type=\"widget\" data-e-type=\"widget\" data-widget_type=\"heading.default\">\n\t\t\t\t<div class=\"elementor-widget-container\">\n\t\t\t\t\t<p class=\"elementor-heading-title elementor-size-default\">Responsable: Dinosoft Internet Marketing S.L. y Blogger3cero S.L. Finalidad: env\u00edo de publicaciones y correos comerciales. Legitimaci\u00f3n: tu consentimiento. Destinatarios: Active Campaign con titular Active Campaign LLC, alojada en EEUU y suscrita al EU PrivacyShield.<\/p>\t\t\t\t<\/div>\n\t\t\t\t<\/div>\n\t\t\t\t\t<\/div>\n\t\t<\/div>\n\t\t\t\t\t<\/div>\n\t\t<\/section>\n\t\t\t\t\t<\/div>\n\t\t<\/div>\n\t\t\t\t\t<\/div>\n\t\t<\/section>\n\t\t\t\t<section class=\"elementor-section elementor-top-section elementor-element elementor-element-86ddcd4 elementor-section-boxed elementor-section-height-default elementor-section-height-default\" data-id=\"86ddcd4\" data-element_type=\"section\" data-e-type=\"section\" data-settings=\"{&quot;background_background&quot;:&quot;classic&quot;}\">\n\t\t\t\t\t\t<div class=\"elementor-container elementor-column-gap-default\">\n\t\t\t\t\t<div class=\"elementor-column elementor-col-100 elementor-top-column elementor-element elementor-element-648cc31\" data-id=\"648cc31\" data-element_type=\"column\" data-e-type=\"column\">\n\t\t\t<div class=\"elementor-widget-wrap elementor-element-populated\">\n\t\t\t\t\t\t<div class=\"elementor-element elementor-element-f49b7f5 elementor-widget elementor-widget-image\" data-id=\"f49b7f5\" data-element_type=\"widget\" data-e-type=\"widget\" data-widget_type=\"image.default\">\n\t\t\t\t<div class=\"elementor-widget-container\">\n\t\t\t\t\t\t\t\t\t\t\t\t\t\t\t<img fetchpriority=\"high\" decoding=\"async\" width=\"1000\" height=\"223\" src=\"https:\/\/dinorank.com\/blog\/wp-content\/uploads\/2023\/08\/LOGO-PNG-6.png\" class=\"attachment-full size-full wp-image-18357\" alt=\"\" srcset=\"https:\/\/dinorank.com\/blog\/wp-content\/uploads\/2023\/08\/LOGO-PNG-6.png 1000w, https:\/\/dinorank.com\/blog\/wp-content\/uploads\/2023\/08\/LOGO-PNG-6-300x67.png 300w, https:\/\/dinorank.com\/blog\/wp-content\/uploads\/2023\/08\/LOGO-PNG-6-768x171.png 768w\" sizes=\"(max-width: 1000px) 100vw, 1000px\" \/>\t\t\t\t\t\t\t\t\t\t\t\t\t\t\t<\/div>\n\t\t\t\t<\/div>\n\t\t\t\t<div class=\"elementor-element elementor-element-1d72dca elementor-widget elementor-widget-heading\" data-id=\"1d72dca\" data-element_type=\"widget\" data-e-type=\"widget\" data-widget_type=\"heading.default\">\n\t\t\t\t<div class=\"elementor-widget-container\">\n\t\t\t\t\t<h2 class=\"elementor-heading-title elementor-size-default\">Hecho con \u2665 en Madrid para el mundo | DinoRANK \u00a9 Todos los derechos reservados<\/h2>\t\t\t\t<\/div>\n\t\t\t\t<\/div>\n\t\t\t\t<div class=\"elementor-element elementor-element-7b358d8 elementor-widget elementor-widget-text-editor\" data-id=\"7b358d8\" data-element_type=\"widget\" data-e-type=\"widget\" data-widget_type=\"text-editor.default\">\n\t\t\t\t<div class=\"elementor-widget-container\">\n\t\t\t\t\t\t\t\t\t<p><span style=\"color: #ffffff;\"><a class=\"footerlink\" style=\"color: #ffffff;\" href=\"https:\/\/dinorank.com\/avisolegal_es.html#aviso_legal\">Aviso Legal<\/a>\u00a0&#8211;\u00a0<a class=\"footerlink\" style=\"color: #ffffff;\" href=\"https:\/\/dinorank.com\/avisolegal_es.html#contratacion\">T\u00e9rminos y condiciones<\/a>\u00a0&#8211;\u00a0<a class=\"footerlink\" style=\"color: #ffffff;\" href=\"https:\/\/dinorank.com\/avisolegal_es.html#cookies\">Pol\u00edticas de cookies<\/a><\/span><\/p>\t\t\t\t\t\t\t\t<\/div>\n\t\t\t\t<\/div>\n\t\t\t\t\t<\/div>\n\t\t<\/div>\n\t\t\t\t\t<\/div>\n\t\t<\/section>\n\t\t\t\t<\/div>\n\t\t","protected":false},"excerpt":{"rendered":"<p>Clase online gratuita Multiplica tu tr\u00e1fico web en 3 pasos Ap\u00fantate gratis Aprende los pasos exactos para disparar el tr\u00e1fico que llega a tu web. Descubre qu\u00e9 contenidos de tu web te pueden traer m\u00e1s tr\u00e1fico y c\u00f3mo hacer que despegue Optimiza la configuraci\u00f3n de tu proyecto para ponerle las cosas f\u00e1ciles a Google. Aprende [&hellip;]<\/p>\n","protected":false},"author":22,"featured_media":0,"parent":0,"menu_order":0,"comment_status":"closed","ping_status":"closed","template":"elementor_canvas","meta":{"_acf_changed":false,"footnotes":""},"class_list":["post-18772","page","type-page","status-publish","hentry"],"acf":[],"_links":{"self":[{"href":"https:\/\/dinorank.com\/blog\/wp-json\/wp\/v2\/pages\/18772","targetHints":{"allow":["GET"]}}],"collection":[{"href":"https:\/\/dinorank.com\/blog\/wp-json\/wp\/v2\/pages"}],"about":[{"href":"https:\/\/dinorank.com\/blog\/wp-json\/wp\/v2\/types\/page"}],"author":[{"embeddable":true,"href":"https:\/\/dinorank.com\/blog\/wp-json\/wp\/v2\/users\/22"}],"replies":[{"embeddable":true,"href":"https:\/\/dinorank.com\/blog\/wp-json\/wp\/v2\/comments?post=18772"}],"version-history":[{"count":0,"href":"https:\/\/dinorank.com\/blog\/wp-json\/wp\/v2\/pages\/18772\/revisions"}],"wp:attachment":[{"href":"https:\/\/dinorank.com\/blog\/wp-json\/wp\/v2\/media?parent=18772"}],"curies":[{"name":"wp","href":"https:\/\/api.w.org\/{rel}","templated":true}]}}