{"id":30087,"date":"2025-07-07T13:07:17","date_gmt":"2025-07-07T11:07:17","guid":{"rendered":"https:\/\/dinorank.com\/blog\/?page_id=30087"},"modified":"2025-07-07T13:07:17","modified_gmt":"2025-07-07T11:07:17","slug":"como-mejorar-la-intencion-de-busqueda-de-tus-post-con-el-modulo-tfidf-de-dinorank","status":"publish","type":"page","link":"https:\/\/dinorank.com\/blog\/mejorar-intencion-de-busqueda\/","title":{"rendered":"C\u00f3mo mejorar la intenci\u00f3n de b\u00fasqueda de tus post con el m\u00f3dulo TF*IDF de DinoRANK"},"content":{"rendered":"","protected":false},"excerpt":{"rendered":"","protected":false},"author":34,"featured_media":0,"parent":0,"menu_order":0,"comment_status":"closed","ping_status":"closed","template":"","meta":{"_acf_changed":false,"footnotes":""},"class_list":["post-30087","page","type-page","status-publish","hentry"],"acf":[],"_links":{"self":[{"href":"https:\/\/dinorank.com\/blog\/wp-json\/wp\/v2\/pages\/30087","targetHints":{"allow":["GET"]}}],"collection":[{"href":"https:\/\/dinorank.com\/blog\/wp-json\/wp\/v2\/pages"}],"about":[{"href":"https:\/\/dinorank.com\/blog\/wp-json\/wp\/v2\/types\/page"}],"author":[{"embeddable":true,"href":"https:\/\/dinorank.com\/blog\/wp-json\/wp\/v2\/users\/34"}],"replies":[{"embeddable":true,"href":"https:\/\/dinorank.com\/blog\/wp-json\/wp\/v2\/comments?post=30087"}],"version-history":[{"count":2,"href":"https:\/\/dinorank.com\/blog\/wp-json\/wp\/v2\/pages\/30087\/revisions"}],"predecessor-version":[{"id":30089,"href":"https:\/\/dinorank.com\/blog\/wp-json\/wp\/v2\/pages\/30087\/revisions\/30089"}],"wp:attachment":[{"href":"https:\/\/dinorank.com\/blog\/wp-json\/wp\/v2\/media?parent=30087"}],"curies":[{"name":"wp","href":"https:\/\/api.w.org\/{rel}","templated":true}]}}