{"id":4833,"date":"2021-04-16T00:59:12","date_gmt":"2021-04-15T22:59:12","guid":{"rendered":"https:\/\/dinorank.com\/blog\/?page_id=4833"},"modified":"2021-07-27T18:18:54","modified_gmt":"2021-07-27T16:18:54","slug":"nuestra-historia","status":"publish","type":"page","link":"https:\/\/dinorank.com\/blog\/nuestra-historia\/","title":{"rendered":"Nuestra historia"},"content":{"rendered":"\t\t<div data-elementor-type=\"wp-page\" data-elementor-id=\"4833\" class=\"elementor elementor-4833\" data-elementor-post-type=\"page\">\n\t\t\t\t\t\t<section class=\"elementor-section elementor-top-section elementor-element elementor-element-1d1b1619 elementor-section-boxed elementor-section-height-default elementor-section-height-default\" data-id=\"1d1b1619\" data-element_type=\"section\" data-e-type=\"section\">\n\t\t\t\t\t\t<div class=\"elementor-container elementor-column-gap-default\">\n\t\t\t\t\t<div class=\"elementor-column elementor-col-100 elementor-top-column elementor-element elementor-element-7d3a78a9\" data-id=\"7d3a78a9\" data-element_type=\"column\" data-e-type=\"column\">\n\t\t\t<div class=\"elementor-widget-wrap elementor-element-populated\">\n\t\t\t\t\t\t<div class=\"elementor-element elementor-element-4521d8d7 elementor-widget elementor-widget-heading\" data-id=\"4521d8d7\" data-element_type=\"widget\" data-e-type=\"widget\" data-widget_type=\"heading.default\">\n\t\t\t\t<div class=\"elementor-widget-container\">\n\t\t\t\t\t<h1 class=\"elementor-heading-title elementor-size-default\">Sobre los socios fundadores de DinoRANK<\/h1>\t\t\t\t<\/div>\n\t\t\t\t<\/div>\n\t\t\t\t\t<\/div>\n\t\t<\/div>\n\t\t\t\t\t<\/div>\n\t\t<\/section>\n\t\t\t\t<section class=\"elementor-section elementor-top-section elementor-element elementor-element-cc966da elementor-section-boxed elementor-section-height-default elementor-section-height-default\" data-id=\"cc966da\" data-element_type=\"section\" data-e-type=\"section\">\n\t\t\t\t\t\t<div class=\"elementor-container elementor-column-gap-default\">\n\t\t\t\t\t<div class=\"elementor-column elementor-col-100 elementor-top-column elementor-element elementor-element-6c1c5eb4\" data-id=\"6c1c5eb4\" data-element_type=\"column\" data-e-type=\"column\">\n\t\t\t<div class=\"elementor-widget-wrap elementor-element-populated\">\n\t\t\t\t\t\t<div class=\"elementor-element elementor-element-714e7bce elementor-widget elementor-widget-text-editor\" data-id=\"714e7bce\" data-element_type=\"widget\" data-e-type=\"widget\" data-widget_type=\"text-editor.default\">\n\t\t\t\t<div class=\"elementor-widget-container\">\n\t\t\t\t\t\t\t\t\t<p>Y all\u00ed est\u00e1bamos.<\/p><p><img fetchpriority=\"high\" decoding=\"async\" class=\"alignleft wp-image-4828\" src=\"https:\/\/dinorank.com\/blog\/wp-content\/uploads\/2021\/04\/22102020-6Q4A7254.jpg\" alt=\"\" width=\"420\" height=\"410\" srcset=\"https:\/\/dinorank.com\/blog\/wp-content\/uploads\/2021\/04\/22102020-6Q4A7254.jpg 819w, https:\/\/dinorank.com\/blog\/wp-content\/uploads\/2021\/04\/22102020-6Q4A7254-300x293.jpg 300w, https:\/\/dinorank.com\/blog\/wp-content\/uploads\/2021\/04\/22102020-6Q4A7254-768x750.jpg 768w\" sizes=\"(max-width: 420px) 100vw, 420px\" \/>Sentados frente a frente en aquel Starbucks de Plaza Norte, acompa\u00f1ados por nuestras bebidas y un pu\u00f1ado de folios llenos de n\u00fameros que, seg\u00fan dec\u00eda ese chico que ten\u00eda delante, eran una herramienta SEO.<\/p><p>Quiz\u00e1 no estaba en mi mejor momento para tomar decisiones.<\/p><p>Los \u00faltimos meses hab\u00edan sido duros.<\/p><p>Sin embargo, algo me dec\u00eda que <strong>aquello ten\u00eda futuro<\/strong>, que Gaby no era ning\u00fan pirado y que sab\u00eda muy bien lo que me estaba ofreciendo. No en vano hab\u00eda estado meses tratando de contactar conmigo\u2026<\/p><p>Pero voy a retroceder un poco para que entiendas esta historia y c\u00f3mo acabamos plantando la semilla de una <em>start-up<\/em> en esa cafeter\u00eda.<\/p><p>Como te dec\u00eda, yo estaba pasando una mala \u00e9poca en lo personal. Ello me hab\u00eda llevado a alejarme un poco de todo y a hacer un viaje solitario en mi Mustang para encontrarme a m\u00ed mismo, para recomponerme.<\/p><p>Fue en mitad de ese viaje, en un descanso en un lugar perdido, cuando ech\u00e9 un vistazo al m\u00f3vil mientras estiraba las piernas.<\/p><p>Solo el campo inmenso, la carretera vac\u00eda, el Mustang fiel y yo.<\/p><p>Y un comentario en Blogger3cero que me llam\u00f3 la atenci\u00f3n, un chico que me hab\u00eda estado enviando emails que yo no hab\u00eda llegado a leer y que ten\u00eda una propuesta que hacerme.<\/p><p>En mitad del silencio de aquel paraje solitario pude escuchar una peque\u00f1a campanita en mi cabeza: \u201cDean, no lo ignores\u201d.<\/p><p>Y no lo hice.<\/p><p><img decoding=\"async\" class=\"alignright wp-image-4826\" src=\"https:\/\/dinorank.com\/blog\/wp-content\/uploads\/2021\/04\/22102020-6Q4A7143.jpg\" alt=\"\" width=\"420\" height=\"415\" srcset=\"https:\/\/dinorank.com\/blog\/wp-content\/uploads\/2021\/04\/22102020-6Q4A7143.jpg 810w, https:\/\/dinorank.com\/blog\/wp-content\/uploads\/2021\/04\/22102020-6Q4A7143-300x296.jpg 300w, https:\/\/dinorank.com\/blog\/wp-content\/uploads\/2021\/04\/22102020-6Q4A7143-768x759.jpg 768w\" sizes=\"(max-width: 420px) 100vw, 420px\" \/>Gaby, por su cuenta, era uno de mis alumnos de Dispara Tus Visitas. Como tantos otros, ve\u00eda una salida econ\u00f3mica en el SEO y hab\u00eda decidido invertir en mi formaci\u00f3n.<\/p><p>Lo que no quer\u00eda hacer era invertir en todas las herramientas de pago que yo utilizaba a lo largo de las clases del curso.<\/p><p>En su caso lo tuvo f\u00e1cil. Gaby es un genio de la programaci\u00f3n y se mueve como pez en el agua entre c\u00f3digos as\u00ed que se puso a trabajar para crear de cero todas las funciones que iba necesitando para avanzar: un tracking de posiciones, un buscador de keywords\u2026<\/p><p>Y entonces se dio cuenta de lo que estaba haciendo: <strong>crear el germen de una nueva herramienta SEO<\/strong>.<\/p><p>Pero&#8230; \u00bfy si adem\u00e1s esa herramienta SEO fuera muy sencilla de utilizar y tuviera un precio mucho m\u00e1s asequible que las existentes en el mercado?<\/p><p>Era algo que sab\u00eda que me pod\u00eda interesar as\u00ed que me envi\u00f3 emails, esperando mi respuesta durante meses mientras yo me encontraba en mi propio viaje interior.<\/p><p>Finalmente decidi\u00f3 escribir un comentario en Blogger3cero (Gaby sab\u00eda, como muchos, que siempre leo todos los comentarios de mis lectores) y <em>ah\u00ed empez\u00f3 la magia<\/em>.<\/p><p><img decoding=\"async\" class=\"aligncenter wp-image-4827 size-full\" src=\"https:\/\/dinorank.com\/blog\/wp-content\/uploads\/2021\/04\/22102020-6Q4A7148.jpg\" alt=\"\" width=\"533\" height=\"800\" srcset=\"https:\/\/dinorank.com\/blog\/wp-content\/uploads\/2021\/04\/22102020-6Q4A7148.jpg 533w, https:\/\/dinorank.com\/blog\/wp-content\/uploads\/2021\/04\/22102020-6Q4A7148-200x300.jpg 200w\" sizes=\"(max-width: 533px) 100vw, 533px\" \/><\/p><p>Volvamos entonces a ese Starbucks madrile\u00f1o en el que se produjo la sinergia entre ambos: nos parec\u00edamos lo suficiente como para emprender juntos y nos diferenciamos lo justo para que haya un gran equilibrio entre los dos.<\/p><p>Y all\u00ed mismo, decidimos entrar en la historia del SEO creando una herramienta SEO All In One con un precio econ\u00f3mico y asequible a todo el mundo.<\/p><p>No fue una locura: el crecimiento porcentual que estamos teniendo desde el primer d\u00eda demuestra que estamos llenando un hueco, que estamos ofreciendo algo que la gente necesita.<\/p><p>Por eso, a d\u00eda de hoy, sigo dici\u00e9ndole a Gaby: \u201c<em>eres la persona correcta<\/em>\u201d.<\/p><p>Porque junto a \u00e9l estamos democratizando el SEO. Y tenemos la intenci\u00f3n de seguir haci\u00e9ndolo durante mucho tiempo.<\/p>\t\t\t\t\t\t\t\t<\/div>\n\t\t\t\t<\/div>\n\t\t\t\t\t<\/div>\n\t\t<\/div>\n\t\t\t\t\t<\/div>\n\t\t<\/section>\n\t\t\t\t<\/div>\n\t\t","protected":false},"excerpt":{"rendered":"<p>Sobre los socios fundadores de DinoRANK Y all\u00ed est\u00e1bamos. Sentados frente a frente en aquel Starbucks de Plaza Norte, acompa\u00f1ados por nuestras bebidas y un pu\u00f1ado de folios llenos de n\u00fameros que, seg\u00fan dec\u00eda ese chico que ten\u00eda delante, eran una herramienta SEO. Quiz\u00e1 no estaba en mi mejor momento para tomar decisiones. Los \u00faltimos [&hellip;]<\/p>\n","protected":false},"author":3,"featured_media":0,"parent":0,"menu_order":0,"comment_status":"closed","ping_status":"closed","template":"elementor_header_footer","meta":{"_acf_changed":false,"footnotes":""},"class_list":["post-4833","page","type-page","status-publish","hentry"],"acf":[],"_links":{"self":[{"href":"https:\/\/dinorank.com\/blog\/wp-json\/wp\/v2\/pages\/4833","targetHints":{"allow":["GET"]}}],"collection":[{"href":"https:\/\/dinorank.com\/blog\/wp-json\/wp\/v2\/pages"}],"about":[{"href":"https:\/\/dinorank.com\/blog\/wp-json\/wp\/v2\/types\/page"}],"author":[{"embeddable":true,"href":"https:\/\/dinorank.com\/blog\/wp-json\/wp\/v2\/users\/3"}],"replies":[{"embeddable":true,"href":"https:\/\/dinorank.com\/blog\/wp-json\/wp\/v2\/comments?post=4833"}],"version-history":[{"count":0,"href":"https:\/\/dinorank.com\/blog\/wp-json\/wp\/v2\/pages\/4833\/revisions"}],"wp:attachment":[{"href":"https:\/\/dinorank.com\/blog\/wp-json\/wp\/v2\/media?parent=4833"}],"curies":[{"name":"wp","href":"https:\/\/api.w.org\/{rel}","templated":true}]}}