{"id":1845,"date":"2023-08-07T16:54:59","date_gmt":"2023-08-07T16:54:59","guid":{"rendered":"https:\/\/dinorank.com\/master-seo\/?page_id=1845"},"modified":"2023-08-16T09:55:56","modified_gmt":"2023-08-16T09:55:56","slug":"especialista-seo-preguntas-y-respuestas","status":"publish","type":"page","link":"https:\/\/dinorank.com\/master-seo\/especialista-seo-preguntas-y-respuestas\/","title":{"rendered":"Acerca del especialista SEO. Preguntas y Respuestas"},"content":{"rendered":"\n<div style=\"max-width: 1000px; margin: auto; padding-top: 100px; padding-bottom: 100px\">\n\n\n\n<h1 class=\"wp-block-heading\">Acerca del especialista SEO. Preguntas y Respuestas<\/h1>\n\n\n\n<p>En la era digital en la que vivimos, con millones de sitios web compitiendo por la atenci\u00f3n, la necesidad de destacar se vuelve cada vez m\u00e1s esencial. Ah\u00ed es donde entra en juego la magia del SEO, una de las habilidades m\u00e1s buscadas en el mundo del marketing digital. <\/p>\n\n\n\n<p>Pero, \u00bfqu\u00e9 significa realmente ser un especialista en SEO?<\/p>\n\n\n\n<p>Imag\u00ednate ser un explorador digital, navegando por la vasta red de la web, encontrando formas de conectar a las personas con la informaci\u00f3n que est\u00e1n buscando. Como especialista en SEO, esa ser\u00eda tu misi\u00f3n. Tendr\u00edas en tus manos el poder de <strong>hacer que un sitio web se destaque<\/strong> en la infinita lista de resultados de b\u00fasqueda en Google y otros motores de b\u00fasqueda.<\/p>\n\n\n\n<p>El trabajo de un especialista en SEO es una mezcla emocionante de <strong>an\u00e1lisis, creatividad y estrategia<\/strong>. <\/p>\n\n\n\n<p>Utilizar\u00edas tu conocimiento de c\u00f3mo funcionan los motores de b\u00fasqueda para adaptar sitios web y hacerlos m\u00e1s atractivos para estos. Pero no solo se trata de m\u00e1quinas, tambi\u00e9n <strong>se trata de personas<\/strong>. Entender lo que buscan los usuarios, c\u00f3mo lo buscan y c\u00f3mo proporcionarles esa informaci\u00f3n de manera efectiva, es una parte crucial de este papel.<\/p>\n\n\n\n<p>Si te atrae la idea de ser un detective de datos, un estratega digital y un creador de contenidos, entonces la ruta para convertirte en un especialista en SEO puede ser perfecta para ti. Sin embargo&#8230;<\/p>\n\n\n\n<p>&#8230;es posible que tengas ciertas dudas acerca de las funciones del especialista SEO o de cu\u00e1nto cobran o qu\u00e9 estudiar para serlo. Bien, es lo que te queremos resolver aqu\u00ed. <\/p>\n\n\n\n<p>Seremos directos.<\/p>\n\n\n\n<h2 class=\"wp-block-heading\">\u00bfQu\u00e9 hace exactamente un especialista en SEO?<\/h2>\n\n\n\n<p>Un especialista en SEO (Search Engine Optimization, por sus siglas en ingl\u00e9s), tambi\u00e9n conocido como consultor o experto en SEO, es un profesional que se encarga de optimizar sitios web para mejorar su visibilidad y su posicionamiento en los resultados de b\u00fasqueda de motores de b\u00fasqueda como Google. Este trabajo implica una serie de tareas y habilidades, entre las que se incluyen:<\/p>\n\n\n\n<ol class=\"wp-block-list\">\n<li><strong>Investigaci\u00f3n de palabras clave<\/strong>: El especialista en SEO busca t\u00e9rminos y frases relevantes que la gente suele introducir en los motores de b\u00fasqueda y que son relevantes para el negocio o la industria del cliente.<\/li>\n\n\n\n<li><strong>Optimizaci\u00f3n en la p\u00e1gina (On-Page SEO)<\/strong>: Esto implica asegurar que la p\u00e1gina web est\u00e9 optimizada para las palabras clave seleccionadas. Esto puede implicar la optimizaci\u00f3n de los t\u00edtulos, las descripciones meta, los encabezados, el contenido del cuerpo, las im\u00e1genes y otros elementos en el sitio web.<\/li>\n\n\n\n<li><strong>Optimizaci\u00f3n fuera de la p\u00e1gina (Off-Page SEO)<\/strong>: El especialista en SEO tambi\u00e9n trabaja para mejorar la autoridad del sitio web a trav\u00e9s de enlaces (llamados tambi\u00e9n backlinks) de otros sitios web relevantes y de alta calidad. Esto puede implicar la creaci\u00f3n de contenido que la gente quiera vincular, la construcci\u00f3n de relaciones con otros sitios web y la promoci\u00f3n del sitio web a trav\u00e9s de diversas t\u00e9cnicas de marketing digital.<\/li>\n\n\n\n<li><strong>SEO t\u00e9cnico<\/strong>: Este aspecto del trabajo implica asegurar que el sitio web sea rastreable e indexable por los motores de b\u00fasqueda. Esto puede implicar la optimizaci\u00f3n de la velocidad de la p\u00e1gina, la implementaci\u00f3n de un mapa del sitio XML, la optimizaci\u00f3n para la b\u00fasqueda m\u00f3vil, entre otras tareas t\u00e9cnicas.<\/li>\n\n\n\n<li><strong>An\u00e1lisis y reporting<\/strong>: Un especialista en SEO monitoriza regularmente el tr\u00e1fico del sitio web y su rendimiento en los motores de b\u00fasqueda. Utiliza herramientas como Google Analytics y Google Search Console para medir el \u00e9xito de sus esfuerzos y ajustar su estrategia seg\u00fan sea necesario.<\/li>\n\n\n\n<li><strong>Estrategia de contenido<\/strong>: Parte del trabajo de un especialista en SEO puede involucrar la creaci\u00f3n o supervisi\u00f3n de contenido que est\u00e9 dise\u00f1ado para atraer tr\u00e1fico de los motores de b\u00fasqueda. Esto puede implicar la creaci\u00f3n de blogs, gu\u00edas, videos, infograf\u00edas y otros tipos de contenido.<\/li>\n\n\n\n<li><strong>Cumplimiento de las directrices de los motores de b\u00fasqueda<\/strong>: Los especialistas en SEO deben estar al d\u00eda con las \u00faltimas directrices de los motores de b\u00fasqueda y asegurarse de que sus pr\u00e1cticas de optimizaci\u00f3n est\u00e9n en l\u00ednea con estas directrices para evitar penalizaciones.<\/li>\n<\/ol>\n\n\n\n<p>En resumen, <strong>el objetivo final de un especialista en SEO es aumentar la cantidad y la calidad del tr\u00e1fico que un sitio web recibe de los motores de b\u00fasqueda<\/strong>. Esto se hace a trav\u00e9s de una combinaci\u00f3n de investigaci\u00f3n de palabras clave, optimizaci\u00f3n en la p\u00e1gina, construcci\u00f3n de enlaces, SEO t\u00e9cnico y creaci\u00f3n de contenido.<\/p>\n\n\n\n<h2 class=\"wp-block-heading\">\u00bfQu\u00e9 debo estudiar o desarrollar para ser un buen especialista SEO?<\/h2>\n\n\n\n<p>Pues aqu\u00ed la respuesta f\u00e1cil ser\u00eda llevarte a nuestro <a href=\"https:\/\/dinorank.com\/master-seo\/\">m\u00e1ster de SEO<\/a> y decirte que es todo lo que vas a necesitar para desenvolverte como un especialista SEO a partir de ahora, pero necesitar\u00e1s adquirir (si no los tienes ya) m\u00e1s conocimientos, adem\u00e1s de cierta aptitud. <\/p>\n\n\n\n<p>Estas son otras habilidades que seguro vas a necesitar para ser un experto en SEO y negocio para tus clientes:<\/p>\n\n\n\n<ol class=\"wp-block-list\">\n<li><strong>Educaci\u00f3n formal<\/strong>: No es imprescindible tener un grado espec\u00edfico para trabajar en SEO, pero los t\u00edtulos en marketing, inform\u00e1tica, estad\u00edstica, o periodismo pueden ser \u00fatiles. Aprender programaci\u00f3n web b\u00e1sica (HTML, CSS, JavaScript), tambi\u00e9n puede ser beneficioso para entender mejor el SEO t\u00e9cnico.<\/li>\n\n\n\n<li><strong>Certificaciones de SEO y marketing digital<\/strong>: Existen muchas certificaciones y cursos en l\u00ednea que pueden ayudarte a aprender SEO. Estos cursos pueden abarcar desde los fundamentos del SEO hasta aspectos m\u00e1s avanzados y espec\u00edficos.<\/li>\n\n\n\n<li><strong>Experiencia pr\u00e1ctica<\/strong>: La mejor manera de aprender SEO es a trav\u00e9s de la pr\u00e1ctica. Puedes empezar creando tu propio sitio web o blog y experimentando con diferentes estrategias de SEO.<\/li>\n\n\n\n<li><strong>Habilidades de an\u00e1lisis<\/strong>: El SEO implica un an\u00e1lisis constante y la interpretaci\u00f3n de datos para entender c\u00f3mo se desempe\u00f1an las estrategias implementadas. Conocimientos de Google Analytics, Google Search Console y otras herramientas de an\u00e1lisis y seguimiento SEO son muy \u00fatiles.<\/li>\n\n\n\n<li><strong>Aprendizaje continuo<\/strong>: Dado que los algoritmos de Google cambian constantemente, los especialistas en SEO deben estar al d\u00eda con las \u00faltimas tendencias y actualizaciones. Esto puede implicar la lectura de blogs, foros de SEO canales de Youtube, la asistencia a conferencias y webinars, etc.<\/li>\n\n\n\n<li><strong>Habilidades de redacci\u00f3n de contenido<\/strong>: Aunque no todos los especialistas en SEO se encargan directamente de la creaci\u00f3n de contenido, tener habilidades de redacci\u00f3n y entender qu\u00e9 tipo de contenido es atractivo para los motores de b\u00fasqueda y los usuarios puede ser muy beneficioso.<\/li>\n\n\n\n<li><strong>Habilidades de networking y relaciones p\u00fablicas<\/strong>: La construcci\u00f3n de enlaces es una parte importante del SEO, y a menudo implica la construcci\u00f3n de relaciones con otros sitios web y marcas. Por lo tanto, las habilidades de networking y relaciones p\u00fablicas pueden ser \u00fatiles.<\/li>\n<\/ol>\n\n\n\n<p>Recuerda que el SEO es un campo que evoluciona r\u00e1pidamente, por lo que la formaci\u00f3n continua y la adaptaci\u00f3n a las nuevas tendencias y algoritmos son claves para tener \u00e9xito.<\/p>\n\n\n\n<p>Y por \u00faltimo viene una pregunta importante&#8230; <\/p>\n\n\n\n<h2 class=\"wp-block-heading\">\u00bfCu\u00e1nto puede ganar un especialista en SEO en Espa\u00f1a?<\/h2>\n\n\n\n<p>El salario de un especialista en SEO en Espa\u00f1a puede oscilar entre 20.000 y 40.000 euros al a\u00f1o para posiciones de nivel de entrada y de nivel medio.<\/p>\n\n\n\n<p>Para especialistas con m\u00e1s experiencia, responsabilidades de gesti\u00f3n o en grandes empresas, el salario puede superar los 40.000 euros al a\u00f1o. En algunas de las principales ciudades como Madrid y Barcelona, los salarios pueden ser m\u00e1s altos debido al costo de vida y la concentraci\u00f3n de empresas grandes.<\/p>\n\n\n\n<p>Seg\u00fan tu experiencia y grado de especialidad en un campo determinado del SEO, los precios pueden ser distintos. <a href=\"https:\/\/dinorank.com\/blog\/cuanto-cobra-un-seo\/\">Aqu\u00ed hicimos un an\u00e1lisis completo de precios<\/a>.<\/p>\n\n\n\n<\/div>\n","protected":false},"excerpt":{"rendered":"<p>Acerca del especialista SEO. Preguntas y Respuestas En la era digital en la que vivimos, con millones de sitios web compitiendo por la atenci\u00f3n, la necesidad de destacar se vuelve cada vez m\u00e1s esencial. Ah\u00ed es donde entra en juego la magia del SEO, una de las habilidades m\u00e1s buscadas en el mundo del marketing [&hellip;]<\/p>\n","protected":false},"author":17,"featured_media":0,"parent":0,"menu_order":0,"comment_status":"closed","ping_status":"closed","template":"","meta":{"_acf_changed":false,"inline_featured_image":false,"footnotes":""},"class_list":["post-1845","page","type-page","status-publish","hentry"],"acf":[],"yoast_head":"<!-- This site is optimized with the Yoast SEO plugin v27.0 - https:\/\/yoast.com\/product\/yoast-seo-wordpress\/ -->\n<title>Acerca del especialista SEO. Preguntas y Respuestas<\/title>\n<meta name=\"robots\" content=\"index, follow, max-snippet:-1, max-image-preview:large, max-video-preview:-1\" \/>\n<link rel=\"canonical\" href=\"https:\/\/dinorank.com\/master-seo\/especialista-seo-preguntas-y-respuestas\/\" \/>\n<meta property=\"og:locale\" content=\"es_ES\" \/>\n<meta property=\"og:type\" content=\"article\" \/>\n<meta property=\"og:title\" content=\"Acerca del especialista SEO. Preguntas y Respuestas\" \/>\n<meta property=\"og:description\" content=\"Acerca del especialista SEO. Preguntas y Respuestas En la era digital en la que vivimos, con millones de sitios web compitiendo por la atenci\u00f3n, la necesidad de destacar se vuelve cada vez m\u00e1s esencial. Ah\u00ed es donde entra en juego la magia del SEO, una de las habilidades m\u00e1s buscadas en el mundo del marketing [&hellip;]\" \/>\n<meta property=\"og:url\" content=\"https:\/\/dinorank.com\/master-seo\/especialista-seo-preguntas-y-respuestas\/\" \/>\n<meta property=\"og:site_name\" content=\"M\u00e1ster en SEO y posicionamiento de buscadores\" \/>\n<meta property=\"article:modified_time\" content=\"2023-08-16T09:55:56+00:00\" \/>\n<meta property=\"og:image\" content=\"https:\/\/dinorank.com\/master-seo\/wp-content\/uploads\/2023\/09\/fernando-macia-human-level-2.webp\" \/>\n\t<meta property=\"og:image:width\" content=\"1920\" \/>\n\t<meta property=\"og:image:height\" content=\"1080\" \/>\n\t<meta property=\"og:image:type\" content=\"image\/webp\" \/>\n<meta name=\"twitter:card\" content=\"summary_large_image\" \/>\n<meta name=\"twitter:label1\" content=\"Tiempo de lectura\" \/>\n\t<meta name=\"twitter:data1\" content=\"6 minutos\" \/>\n<script type=\"application\/ld+json\" class=\"yoast-schema-graph\">{\"@context\":\"https:\/\/schema.org\",\"@graph\":[{\"@type\":\"WebPage\",\"@id\":\"https:\/\/dinorank.com\/master-seo\/especialista-seo-preguntas-y-respuestas\/\",\"url\":\"https:\/\/dinorank.com\/master-seo\/especialista-seo-preguntas-y-respuestas\/\",\"name\":\"Acerca del especialista SEO. Preguntas y Respuestas\",\"isPartOf\":{\"@id\":\"https:\/\/dinorank.com\/master-seo\/#website\"},\"datePublished\":\"2023-08-07T16:54:59+00:00\",\"dateModified\":\"2023-08-16T09:55:56+00:00\",\"breadcrumb\":{\"@id\":\"https:\/\/dinorank.com\/master-seo\/especialista-seo-preguntas-y-respuestas\/#breadcrumb\"},\"inLanguage\":\"es\",\"potentialAction\":[{\"@type\":\"ReadAction\",\"target\":[\"https:\/\/dinorank.com\/master-seo\/especialista-seo-preguntas-y-respuestas\/\"]}]},{\"@type\":\"BreadcrumbList\",\"@id\":\"https:\/\/dinorank.com\/master-seo\/especialista-seo-preguntas-y-respuestas\/#breadcrumb\",\"itemListElement\":[{\"@type\":\"ListItem\",\"position\":1,\"name\":\"Home\",\"item\":\"https:\/\/dinorank.com\/master-seo\/\"},{\"@type\":\"ListItem\",\"position\":2,\"name\":\"Acerca del especialista SEO. Preguntas y Respuestas\"}]},{\"@type\":\"WebSite\",\"@id\":\"https:\/\/dinorank.com\/master-seo\/#website\",\"url\":\"https:\/\/dinorank.com\/master-seo\/\",\"name\":\"M\u00e1ster en SEO y posicionamiento de buscadores\",\"description\":\"M\u00e1ster de SEO en directo. M\u00e1s de 25 profesores s\u00e9nior \u00e9lite\",\"publisher\":{\"@id\":\"https:\/\/dinorank.com\/master-seo\/#organization\"},\"potentialAction\":[{\"@type\":\"SearchAction\",\"target\":{\"@type\":\"EntryPoint\",\"urlTemplate\":\"https:\/\/dinorank.com\/master-seo\/?s={search_term_string}\"},\"query-input\":{\"@type\":\"PropertyValueSpecification\",\"valueRequired\":true,\"valueName\":\"search_term_string\"}}],\"inLanguage\":\"es\"},{\"@type\":\"Organization\",\"@id\":\"https:\/\/dinorank.com\/master-seo\/#organization\",\"name\":\"DinoRANK\",\"alternateName\":\"M\u00e1ster SEO de DinoRANK\",\"url\":\"https:\/\/dinorank.com\/master-seo\/\",\"logo\":{\"@type\":\"ImageObject\",\"inLanguage\":\"es\",\"@id\":\"https:\/\/dinorank.com\/master-seo\/#\/schema\/logo\/image\/\",\"url\":\"https:\/\/dinorank.com\/master-seo\/wp-content\/uploads\/2023\/01\/logo-h-2.png\",\"contentUrl\":\"https:\/\/dinorank.com\/master-seo\/wp-content\/uploads\/2023\/01\/logo-h-2.png\",\"width\":800,\"height\":236,\"caption\":\"DinoRANK\"},\"image\":{\"@id\":\"https:\/\/dinorank.com\/master-seo\/#\/schema\/logo\/image\/\"}}]}<\/script>\n<!-- \/ Yoast SEO plugin. -->","yoast_head_json":{"title":"Acerca del especialista SEO. Preguntas y Respuestas","robots":{"index":"index","follow":"follow","max-snippet":"max-snippet:-1","max-image-preview":"max-image-preview:large","max-video-preview":"max-video-preview:-1"},"canonical":"https:\/\/dinorank.com\/master-seo\/especialista-seo-preguntas-y-respuestas\/","og_locale":"es_ES","og_type":"article","og_title":"Acerca del especialista SEO. Preguntas y Respuestas","og_description":"Acerca del especialista SEO. Preguntas y Respuestas En la era digital en la que vivimos, con millones de sitios web compitiendo por la atenci\u00f3n, la necesidad de destacar se vuelve cada vez m\u00e1s esencial. Ah\u00ed es donde entra en juego la magia del SEO, una de las habilidades m\u00e1s buscadas en el mundo del marketing [&hellip;]","og_url":"https:\/\/dinorank.com\/master-seo\/especialista-seo-preguntas-y-respuestas\/","og_site_name":"M\u00e1ster en SEO y posicionamiento de buscadores","article_modified_time":"2023-08-16T09:55:56+00:00","og_image":[{"width":1920,"height":1080,"url":"https:\/\/dinorank.com\/master-seo\/wp-content\/uploads\/2023\/09\/fernando-macia-human-level-2.webp","type":"image\/webp"}],"twitter_card":"summary_large_image","twitter_misc":{"Tiempo de lectura":"6 minutos"},"schema":{"@context":"https:\/\/schema.org","@graph":[{"@type":"WebPage","@id":"https:\/\/dinorank.com\/master-seo\/especialista-seo-preguntas-y-respuestas\/","url":"https:\/\/dinorank.com\/master-seo\/especialista-seo-preguntas-y-respuestas\/","name":"Acerca del especialista SEO. Preguntas y Respuestas","isPartOf":{"@id":"https:\/\/dinorank.com\/master-seo\/#website"},"datePublished":"2023-08-07T16:54:59+00:00","dateModified":"2023-08-16T09:55:56+00:00","breadcrumb":{"@id":"https:\/\/dinorank.com\/master-seo\/especialista-seo-preguntas-y-respuestas\/#breadcrumb"},"inLanguage":"es","potentialAction":[{"@type":"ReadAction","target":["https:\/\/dinorank.com\/master-seo\/especialista-seo-preguntas-y-respuestas\/"]}]},{"@type":"BreadcrumbList","@id":"https:\/\/dinorank.com\/master-seo\/especialista-seo-preguntas-y-respuestas\/#breadcrumb","itemListElement":[{"@type":"ListItem","position":1,"name":"Home","item":"https:\/\/dinorank.com\/master-seo\/"},{"@type":"ListItem","position":2,"name":"Acerca del especialista SEO. Preguntas y Respuestas"}]},{"@type":"WebSite","@id":"https:\/\/dinorank.com\/master-seo\/#website","url":"https:\/\/dinorank.com\/master-seo\/","name":"M\u00e1ster en SEO y posicionamiento de buscadores","description":"M\u00e1ster de SEO en directo. M\u00e1s de 25 profesores s\u00e9nior \u00e9lite","publisher":{"@id":"https:\/\/dinorank.com\/master-seo\/#organization"},"potentialAction":[{"@type":"SearchAction","target":{"@type":"EntryPoint","urlTemplate":"https:\/\/dinorank.com\/master-seo\/?s={search_term_string}"},"query-input":{"@type":"PropertyValueSpecification","valueRequired":true,"valueName":"search_term_string"}}],"inLanguage":"es"},{"@type":"Organization","@id":"https:\/\/dinorank.com\/master-seo\/#organization","name":"DinoRANK","alternateName":"M\u00e1ster SEO de DinoRANK","url":"https:\/\/dinorank.com\/master-seo\/","logo":{"@type":"ImageObject","inLanguage":"es","@id":"https:\/\/dinorank.com\/master-seo\/#\/schema\/logo\/image\/","url":"https:\/\/dinorank.com\/master-seo\/wp-content\/uploads\/2023\/01\/logo-h-2.png","contentUrl":"https:\/\/dinorank.com\/master-seo\/wp-content\/uploads\/2023\/01\/logo-h-2.png","width":800,"height":236,"caption":"DinoRANK"},"image":{"@id":"https:\/\/dinorank.com\/master-seo\/#\/schema\/logo\/image\/"}}]}},"_links":{"self":[{"href":"https:\/\/dinorank.com\/master-seo\/wp-json\/wp\/v2\/pages\/1845","targetHints":{"allow":["GET"]}}],"collection":[{"href":"https:\/\/dinorank.com\/master-seo\/wp-json\/wp\/v2\/pages"}],"about":[{"href":"https:\/\/dinorank.com\/master-seo\/wp-json\/wp\/v2\/types\/page"}],"author":[{"embeddable":true,"href":"https:\/\/dinorank.com\/master-seo\/wp-json\/wp\/v2\/users\/17"}],"replies":[{"embeddable":true,"href":"https:\/\/dinorank.com\/master-seo\/wp-json\/wp\/v2\/comments?post=1845"}],"version-history":[{"count":5,"href":"https:\/\/dinorank.com\/master-seo\/wp-json\/wp\/v2\/pages\/1845\/revisions"}],"predecessor-version":[{"id":2166,"href":"https:\/\/dinorank.com\/master-seo\/wp-json\/wp\/v2\/pages\/1845\/revisions\/2166"}],"wp:attachment":[{"href":"https:\/\/dinorank.com\/master-seo\/wp-json\/wp\/v2\/media?parent=1845"}],"curies":[{"name":"wp","href":"https:\/\/api.w.org\/{rel}","templated":true}]}}