{"id":458,"date":"2023-01-30T11:08:44","date_gmt":"2023-01-30T11:08:44","guid":{"rendered":"https:\/\/dinorank.com\/master-seo\/?page_id=458"},"modified":"2023-01-30T11:50:32","modified_gmt":"2023-01-30T11:50:32","slug":"politica-de-cookies","status":"publish","type":"page","link":"https:\/\/dinorank.com\/master-seo\/politica-de-cookies\/","title":{"rendered":"Pol\u00edtica de cookies"},"content":{"rendered":"\n<div class=\"wp-block-group is-layout-constrained wp-block-group-is-layout-constrained\">\n<div style=\"height:100px\" aria-hidden=\"true\" class=\"wp-block-spacer\"><\/div>\n\n\n\n<p>Tras una auditor\u00eda realizada para la informaci\u00f3n sobre las Cookies que se usan en esta web, te informamos:<\/p>\n\n\n\n<h1 class=\"wp-block-heading\"><strong>NUESTRA POL\u00cdTICA DE COOKIES&nbsp;&nbsp;&nbsp;&nbsp;&nbsp;&nbsp;&nbsp;&nbsp;<\/strong><\/h1>\n\n\n\n<p>La LSSI-CE, obliga a todos los que tenemos un blog o una web a&nbsp;<strong>advertir al usuario de la existencia de cookies, informar sobre ellas&nbsp;&nbsp;y requerirle permiso para descargarlas.<\/strong><\/p>\n\n\n\n<p>Asimismo, tal y como dispone elart\u00edculo 22.2 de la Ley 34\/2002.<em>\u201cLos prestadores de servicios podr\u00e1n utilizar dispositivos de almacenamiento y recuperaci\u00f3n de datos en equipos terminales de los destinatarios, a condici\u00f3n de que los mismos&nbsp;<\/em><strong>hayan dado su consentimiento despu\u00e9s de que se les haya facilitado informaci\u00f3n clara y completa sobre su utilizaci\u00f3n<\/strong><em>, en particular, sobre los fines del tratamiento de los datos, con arreglo a lo dispuesto en la Ley Org\u00e1nica 15\/1999, de 13 de diciembre, de Protecci\u00f3n de Datos de Car\u00e1cter Personal\u201d.<\/em><\/p>\n\n\n\n<p>Como responsable de esta web, y en cumplimiento con el art\u00edculo mencionado anteriormente referente a las cookies y teniendo en cuenta la forma en la que funciona Internet y los sitios web,&nbsp;no siempre es posible contar con informaci\u00f3n actualizada de las cookies que terceras partes puedan utilizar a trav\u00e9s de este sitio web.<\/p>\n\n\n\n<p>Esto se aplica especialmente a casos en los que esta p\u00e1gina web contiene elementos integrados: es decir, textos, documentos, im\u00e1genes o breves pel\u00edculas que se almacenan en otra parte, pero se muestran en nuestro sitio web.<\/p>\n\n\n\n<p>Por consiguiente, en caso de que se encuentre con este tipo de cookies en este sitio web y no est\u00e9n enumeradas en la lista siguiente, le rogamos que nos lo comunique. Tambi\u00e9n puedes ponerte en contacto directamente con el tercero para pedirle informaci\u00f3n sobre las cookies que coloca, la finalidad y la duraci\u00f3n de la cookie, y c\u00f3mo ha garantizado su privacidad.<\/p>\n\n\n\n<p><strong>Previo.- \u00bfQu\u00e9 son las Cookies?<\/strong><\/p>\n\n\n\n<p>Las cookies constituyen una herramienta empleada por los servidores Web para almacenar y recuperar informaci\u00f3n acerca de sus visitantes. No es m\u00e1s que un fichero de texto que algunos servidores piden a nuestro navegador que escriba en nuestro disco duro, con informaci\u00f3n acerca de lo que hemos estado haciendo por sus p\u00e1ginas. Poseen una fecha de caducidad, que puede oscilar desde el tiempo que dure la sesi\u00f3n hasta una fecha futura especificada, a partir de la cual dejan de ser operativa.<\/p>\n\n\n\n<p><strong>1. Las cookies que utiliza esta web<\/strong><\/p>\n\n\n\n<p>En esta web se utilizan cookies&nbsp;<strong>propias y de terceros<\/strong>&nbsp;para conseguir que tengas una mejor experiencia de navegaci\u00f3n, puedas compartir contenido en redes sociales, para mostrarte anuncios en funci\u00f3n a tus intereses&nbsp;&nbsp;y para obtener estad\u00edsticas de usuarios.<\/p>\n\n\n\n<p>Las cookies empleadas en&nbsp;<strong>https:\/\/dinorank.com<\/strong>&nbsp;se asocian \u00fanicamente con un Usuario an\u00f3nimo y su ordenador, no proporcionan referencias que permitan deducir el nombre y apellidos del Usuario y no pueden leer datos de su disco duro ni incluir virus en sus textos. Asimismo,&nbsp;<strong>https:\/\/dinorank.com<\/strong>&nbsp;no puede leer las cookies implantadas en el disco duro del Usuario desde otros servidores.<\/p>\n\n\n\n<p>Podr\u00e1 libremente decidir acerca de la implantaci\u00f3n o no en su disco duro de las cookies empleadas en&nbsp;<strong>https:\/\/dinorank.com<\/strong>&nbsp;En este sentido, el usuario puede configurar su navegador para aceptar o rechazar por defecto todas las cookies o para recibir un aviso en pantalla de la recepci\u00f3n de cada cookie y decidir en ese momento su implantaci\u00f3n o no en su disco duro. Para ello te sugerimos consultar la secci\u00f3n de ayuda de tu navegador para saber c\u00f3mo cambiar la configuraci\u00f3n que actualmente emplea.<\/p>\n\n\n\n<p>Aun cuando configure el navegador para rechazar todas las cookies o rechazase expresamente las cookies de&nbsp;<strong>https:\/\/dinorank.com<\/strong>&nbsp;podr\u00e1s navegar por el Portal con el \u00fanico inconveniente de no poder disfrutar de las funcionalidades del Portal que requieran la instalaci\u00f3n de alguna de ellas. En cualquier caso, podr\u00e1s eliminar las cookies implantadas en tu disco duro en cualquier momento, siguiendo el procedimiento establecido en la secci\u00f3n de ayuda de su navegador y que posteriormente detallaremos.<\/p>\n\n\n\n<p>Como usuario, puede rechazar el tratamiento de los datos o la informaci\u00f3n bloqueando estas cookies mediante la configuraci\u00f3n apropiada de tu navegador. Sin embargo, debes saber que, si lo haces, este sitio no funcione adecuadamente.<\/p>\n\n\n\n<p>Las cookies de esta web ayudan a:<\/p>\n\n\n\n<p>\u00b7&nbsp;&nbsp;&nbsp;&nbsp;&nbsp;&nbsp;&nbsp;&nbsp;&nbsp;Hacer que esta web funcione correctamente<\/p>\n\n\n\n<p>\u00b7&nbsp;&nbsp;&nbsp;&nbsp;&nbsp;&nbsp;&nbsp;&nbsp;&nbsp;Ahorrarte el tener que iniciar sesi\u00f3n cada vez que visita este sitio<\/p>\n\n\n\n<p>\u00b7&nbsp;&nbsp;&nbsp;&nbsp;&nbsp;&nbsp;&nbsp;&nbsp;&nbsp;Recordarle tus ajustes durante y entre las visitas<\/p>\n\n\n\n<p>\u00b7&nbsp;&nbsp;&nbsp;&nbsp;&nbsp;&nbsp;&nbsp;&nbsp;&nbsp;Permitirle visualizar videos<\/p>\n\n\n\n<p>\u00b7&nbsp;&nbsp;&nbsp;&nbsp;&nbsp;&nbsp;&nbsp;&nbsp;&nbsp;Mejorar la velocidad \/ seguridad del sitio<\/p>\n\n\n\n<p>\u00b7&nbsp;&nbsp;&nbsp;&nbsp;&nbsp;&nbsp;&nbsp;&nbsp;&nbsp;Que pueda compartir p\u00e1ginas con redes sociales<\/p>\n\n\n\n<p>\u00b7&nbsp;&nbsp;&nbsp;&nbsp;&nbsp;&nbsp;&nbsp;&nbsp;&nbsp;Mejorar continuamente de este sitio web<\/p>\n\n\n\n<p>\u00b7&nbsp;&nbsp;&nbsp;&nbsp;&nbsp;&nbsp;&nbsp;&nbsp;&nbsp;Mostrarle anuncios en funci\u00f3n de tus h\u00e1bitos de navegaci\u00f3n<\/p>\n\n\n\n<p><strong>No utilizare jam\u00e1s cookies para:<\/strong><\/p>\n\n\n\n<p>\u00b7&nbsp;&nbsp;&nbsp;&nbsp;&nbsp;&nbsp;&nbsp;&nbsp;&nbsp;Recoger informaci\u00f3n de identificaci\u00f3n personal (sin su permiso expreso)<\/p>\n\n\n\n<p>\u00b7&nbsp;&nbsp;&nbsp;&nbsp;&nbsp;&nbsp;&nbsp;&nbsp;&nbsp;Recoger informaci\u00f3n sensible (sin su permiso expreso)<\/p>\n\n\n\n<p>\u00b7&nbsp;&nbsp;&nbsp;&nbsp;&nbsp;&nbsp;&nbsp;&nbsp;&nbsp;Compartir datos de identificaci\u00f3n personal a terceros<\/p>\n\n\n\n<p><strong>2. Cookies de terceros que utilizamos en esta web&nbsp;&nbsp;y que debes conocer<\/strong><\/p>\n\n\n\n<p>Esta web, como la mayor\u00eda de sitios web, incluye funcionalidades proporcionadas por terceros.<\/p>\n\n\n\n<p>Tambi\u00e9n se ponen a prueba regularmente nuevos dise\u00f1os o servicios de terceros para recomendaciones e informes.&nbsp;<\/p>\n\n\n\n<p>Esto puede modificar ocasionalmente la configuraci\u00f3n de cookies y que aparezcan cookies no detalladas en la presente pol\u00edtica. Es importante que sepas que son cookies provisionales que no siempre es posible informar y que solo tienen finalidades de estudio y valoraci\u00f3n. En ning\u00fan caso se van a utilizar cookies que comprometan tu privacidad.<\/p>\n\n\n\n<p>A continuaci\u00f3n, y seg\u00fan exige el art\u00edculo 22.2 de la LSSI se detallan las&nbsp;cookies que pueden instalarse habitualmente durante la navegaci\u00f3n por este sitio web:<\/p>\n\n\n\n<figure class=\"wp-block-table\"><table><tbody><tr><td><strong>NOMBRE<\/strong><strong>&nbsp;<\/strong><\/td><td><strong>DURACI\u00d3N<\/strong><\/td><td><strong>FINALIDAD<\/strong><\/td><\/tr><tr><td>Terceros persistente_ga_gid<\/td><td>2 a\u00f1os a partir de la configuraci\u00f3n<\/td><td>Se usa para distinguir a los usuarios. Es una cookie perteneciente a Google Analytics.&nbsp;<a href=\"https:\/\/www.google.com\/intl\/es\/policies\/\">M\u00e1s informaci\u00f3n<\/a><\/td><\/tr><tr><td>Terceros persistente_gat&nbsp;<\/td><td>10 minutos<\/td><td>Se usa para saber el ratio de recarga. Es una cookie perteneciente a Google Analytics.&nbsp;<a href=\"https:\/\/www.google.com\/intl\/es\/policies\/\">M\u00e1s informaci\u00f3n<\/a><\/td><\/tr><tr><td>Terceros persistenteAPISID, HSID, NID, SAPISID, SID, SSID<\/td><td>2 a\u00f1os desde su instalaci\u00f3n<\/td><td>Guarda preferencias de usuario y otra informaci\u00f3n de los servicios de Google que tiene el usuario.&nbsp;<a href=\"https:\/\/www.google.com\/policies\/privacy\/\">M\u00e1s informaci\u00f3n<\/a><\/td><\/tr><tr><td>Propia__sessId<\/td><td>5 a\u00f1os<\/td><td>Se usa para controlar el acceso del usuario.<\/td><\/tr><tr><td>Propia__userId<\/td><td>10 minutos<\/td><td>Se usa para persistir la autenticaci\u00f3n del usuario.<\/td><\/tr><tr><td>Terceros__stripe_mid<\/td><td>Caduca al finalizar la sesi\u00f3n<\/td><td>Cookie de Stripe .&nbsp;<a href=\"https:\/\/stripe.com\/cookies-policy\/legal\">M\u00e1s informaci\u00f3n<\/a><\/td><\/tr><\/tbody><\/table><\/figure>\n\n\n\n<p><strong>3. \u00bfC\u00f3mo puedo gestionar y desactivar estas cookies?<\/strong><\/p>\n\n\n\n<p>En el caso de no desear que el sitio web no instale ninguna cookie en tu equipo, cabe la posibilidad de adaptar tu navegador de modo que se te notifique antes de que se descargue ninguna cookie.<\/p>\n\n\n\n<p>As\u00ed las cosas, se puede igualmente modificar la configuraci\u00f3n del navegador de forma que rechace todas las cookies o \u00fanicamente las cookies de terceros. Tambi\u00e9n puedes eliminar cualquiera de las cookies que ya se encuentren en tu equipo. Ten en cuenta que tendr\u00e1s que adaptar por separado la configuraci\u00f3n de cada navegador y equipo que utilices.<\/p>\n\n\n\n<p><strong>https:\/\/dinorank.com<\/strong>&nbsp;pone a disposici\u00f3n de los usuarios que quieran impedir la instalaci\u00f3n de las mencionadas cookies, enlaces facilitados al efecto por navegadores cuyo uso se considera m\u00e1s extendido:<\/p>\n\n\n\n<p><a href=\"http:\/\/support.google.com\/chrome\/bin\/answer.py?hl=es-419&amp;answer=95647\">Google Chrome<\/a>&nbsp;\u2013&nbsp;<a href=\"http:\/\/windows.microsoft.com\/es-xl\/internet-explorer\/delete-manage-cookies#ie=ie-10\">Internet Explorer<\/a>&nbsp;\u2013&nbsp;<a href=\"http:\/\/support.mozilla.org\/es\/kb\/habilitar-y-deshabilitar-cookies-que-los-sitios-we\">Mozilla Firefox<\/a>&nbsp;\u2013&nbsp;<a href=\"http:\/\/support.apple.com\/kb\/HT1677?viewlocale=es_ES%20%97%20http:\/\/support.apple.com\/kb\/ph5042\">Apple Safari<\/a><\/p>\n\n\n\n<div style=\"height:100px\" aria-hidden=\"true\" class=\"wp-block-spacer\"><\/div>\n<\/div>\n","protected":false},"excerpt":{"rendered":"<p>Tras una auditor\u00eda realizada para la informaci\u00f3n sobre las Cookies que se usan en esta web, te informamos: NUESTRA POL\u00cdTICA DE COOKIES&nbsp;&nbsp;&nbsp;&nbsp;&nbsp;&nbsp;&nbsp;&nbsp; La LSSI-CE, obliga a todos los que tenemos un blog o una web a&nbsp;advertir al usuario de la existencia de cookies, informar sobre ellas&nbsp;&nbsp;y requerirle permiso para descargarlas. Asimismo, tal y como dispone [&hellip;]<\/p>\n","protected":false},"author":1,"featured_media":0,"parent":0,"menu_order":0,"comment_status":"closed","ping_status":"closed","template":"","meta":{"_acf_changed":false,"inline_featured_image":false,"footnotes":""},"class_list":["post-458","page","type-page","status-publish","hentry"],"acf":[],"yoast_head":"<!-- This site is optimized with the Yoast SEO plugin v27.0 - https:\/\/yoast.com\/product\/yoast-seo-wordpress\/ -->\n<title>Pol\u00edtica de cookies<\/title>\n<meta name=\"robots\" content=\"noindex, nofollow\" \/>\n<meta property=\"og:locale\" content=\"es_ES\" \/>\n<meta property=\"og:type\" content=\"article\" \/>\n<meta property=\"og:title\" content=\"Pol\u00edtica de cookies\" \/>\n<meta property=\"og:description\" content=\"Tras una auditor\u00eda realizada para la informaci\u00f3n sobre las Cookies que se usan en esta web, te informamos: NUESTRA POL\u00cdTICA DE COOKIES&nbsp;&nbsp;&nbsp;&nbsp;&nbsp;&nbsp;&nbsp;&nbsp; La LSSI-CE, obliga a todos los que tenemos un blog o una web a&nbsp;advertir al usuario de la existencia de cookies, informar sobre ellas&nbsp;&nbsp;y requerirle permiso para descargarlas. Asimismo, tal y como dispone [&hellip;]\" \/>\n<meta property=\"og:url\" content=\"https:\/\/dinorank.com\/master-seo\/politica-de-cookies\/\" \/>\n<meta property=\"og:site_name\" content=\"M\u00e1ster en SEO y posicionamiento de buscadores\" \/>\n<meta property=\"article:modified_time\" content=\"2023-01-30T11:50:32+00:00\" \/>\n<meta property=\"og:image\" content=\"https:\/\/dinorank.com\/master-seo\/wp-content\/uploads\/2023\/09\/fernando-macia-human-level-2.webp\" \/>\n\t<meta property=\"og:image:width\" content=\"1920\" \/>\n\t<meta property=\"og:image:height\" content=\"1080\" \/>\n\t<meta property=\"og:image:type\" content=\"image\/webp\" \/>\n<meta name=\"twitter:card\" content=\"summary_large_image\" \/>\n<meta name=\"twitter:label1\" content=\"Tiempo de lectura\" \/>\n\t<meta name=\"twitter:data1\" content=\"6 minutos\" \/>\n<script type=\"application\/ld+json\" class=\"yoast-schema-graph\">{\"@context\":\"https:\/\/schema.org\",\"@graph\":[{\"@type\":\"WebPage\",\"@id\":\"https:\/\/dinorank.com\/master-seo\/politica-de-cookies\/\",\"url\":\"https:\/\/dinorank.com\/master-seo\/politica-de-cookies\/\",\"name\":\"Pol\u00edtica de cookies\",\"isPartOf\":{\"@id\":\"https:\/\/dinorank.com\/master-seo\/#website\"},\"datePublished\":\"2023-01-30T11:08:44+00:00\",\"dateModified\":\"2023-01-30T11:50:32+00:00\",\"breadcrumb\":{\"@id\":\"https:\/\/dinorank.com\/master-seo\/politica-de-cookies\/#breadcrumb\"},\"inLanguage\":\"es\",\"potentialAction\":[{\"@type\":\"ReadAction\",\"target\":[\"https:\/\/dinorank.com\/master-seo\/politica-de-cookies\/\"]}]},{\"@type\":\"BreadcrumbList\",\"@id\":\"https:\/\/dinorank.com\/master-seo\/politica-de-cookies\/#breadcrumb\",\"itemListElement\":[{\"@type\":\"ListItem\",\"position\":1,\"name\":\"Home\",\"item\":\"https:\/\/dinorank.com\/master-seo\/\"},{\"@type\":\"ListItem\",\"position\":2,\"name\":\"Pol\u00edtica de cookies\"}]},{\"@type\":\"WebSite\",\"@id\":\"https:\/\/dinorank.com\/master-seo\/#website\",\"url\":\"https:\/\/dinorank.com\/master-seo\/\",\"name\":\"M\u00e1ster en SEO y posicionamiento de buscadores\",\"description\":\"M\u00e1ster de SEO en directo. M\u00e1s de 25 profesores s\u00e9nior \u00e9lite\",\"publisher\":{\"@id\":\"https:\/\/dinorank.com\/master-seo\/#organization\"},\"potentialAction\":[{\"@type\":\"SearchAction\",\"target\":{\"@type\":\"EntryPoint\",\"urlTemplate\":\"https:\/\/dinorank.com\/master-seo\/?s={search_term_string}\"},\"query-input\":{\"@type\":\"PropertyValueSpecification\",\"valueRequired\":true,\"valueName\":\"search_term_string\"}}],\"inLanguage\":\"es\"},{\"@type\":\"Organization\",\"@id\":\"https:\/\/dinorank.com\/master-seo\/#organization\",\"name\":\"DinoRANK\",\"alternateName\":\"M\u00e1ster SEO de DinoRANK\",\"url\":\"https:\/\/dinorank.com\/master-seo\/\",\"logo\":{\"@type\":\"ImageObject\",\"inLanguage\":\"es\",\"@id\":\"https:\/\/dinorank.com\/master-seo\/#\/schema\/logo\/image\/\",\"url\":\"https:\/\/dinorank.com\/master-seo\/wp-content\/uploads\/2023\/01\/logo-h-2.png\",\"contentUrl\":\"https:\/\/dinorank.com\/master-seo\/wp-content\/uploads\/2023\/01\/logo-h-2.png\",\"width\":800,\"height\":236,\"caption\":\"DinoRANK\"},\"image\":{\"@id\":\"https:\/\/dinorank.com\/master-seo\/#\/schema\/logo\/image\/\"}}]}<\/script>\n<!-- \/ Yoast SEO plugin. -->","yoast_head_json":{"title":"Pol\u00edtica de cookies","robots":{"index":"noindex","follow":"nofollow"},"og_locale":"es_ES","og_type":"article","og_title":"Pol\u00edtica de cookies","og_description":"Tras una auditor\u00eda realizada para la informaci\u00f3n sobre las Cookies que se usan en esta web, te informamos: NUESTRA POL\u00cdTICA DE COOKIES&nbsp;&nbsp;&nbsp;&nbsp;&nbsp;&nbsp;&nbsp;&nbsp; La LSSI-CE, obliga a todos los que tenemos un blog o una web a&nbsp;advertir al usuario de la existencia de cookies, informar sobre ellas&nbsp;&nbsp;y requerirle permiso para descargarlas. Asimismo, tal y como dispone [&hellip;]","og_url":"https:\/\/dinorank.com\/master-seo\/politica-de-cookies\/","og_site_name":"M\u00e1ster en SEO y posicionamiento de buscadores","article_modified_time":"2023-01-30T11:50:32+00:00","og_image":[{"width":1920,"height":1080,"url":"https:\/\/dinorank.com\/master-seo\/wp-content\/uploads\/2023\/09\/fernando-macia-human-level-2.webp","type":"image\/webp"}],"twitter_card":"summary_large_image","twitter_misc":{"Tiempo de lectura":"6 minutos"},"schema":{"@context":"https:\/\/schema.org","@graph":[{"@type":"WebPage","@id":"https:\/\/dinorank.com\/master-seo\/politica-de-cookies\/","url":"https:\/\/dinorank.com\/master-seo\/politica-de-cookies\/","name":"Pol\u00edtica de cookies","isPartOf":{"@id":"https:\/\/dinorank.com\/master-seo\/#website"},"datePublished":"2023-01-30T11:08:44+00:00","dateModified":"2023-01-30T11:50:32+00:00","breadcrumb":{"@id":"https:\/\/dinorank.com\/master-seo\/politica-de-cookies\/#breadcrumb"},"inLanguage":"es","potentialAction":[{"@type":"ReadAction","target":["https:\/\/dinorank.com\/master-seo\/politica-de-cookies\/"]}]},{"@type":"BreadcrumbList","@id":"https:\/\/dinorank.com\/master-seo\/politica-de-cookies\/#breadcrumb","itemListElement":[{"@type":"ListItem","position":1,"name":"Home","item":"https:\/\/dinorank.com\/master-seo\/"},{"@type":"ListItem","position":2,"name":"Pol\u00edtica de cookies"}]},{"@type":"WebSite","@id":"https:\/\/dinorank.com\/master-seo\/#website","url":"https:\/\/dinorank.com\/master-seo\/","name":"M\u00e1ster en SEO y posicionamiento de buscadores","description":"M\u00e1ster de SEO en directo. M\u00e1s de 25 profesores s\u00e9nior \u00e9lite","publisher":{"@id":"https:\/\/dinorank.com\/master-seo\/#organization"},"potentialAction":[{"@type":"SearchAction","target":{"@type":"EntryPoint","urlTemplate":"https:\/\/dinorank.com\/master-seo\/?s={search_term_string}"},"query-input":{"@type":"PropertyValueSpecification","valueRequired":true,"valueName":"search_term_string"}}],"inLanguage":"es"},{"@type":"Organization","@id":"https:\/\/dinorank.com\/master-seo\/#organization","name":"DinoRANK","alternateName":"M\u00e1ster SEO de DinoRANK","url":"https:\/\/dinorank.com\/master-seo\/","logo":{"@type":"ImageObject","inLanguage":"es","@id":"https:\/\/dinorank.com\/master-seo\/#\/schema\/logo\/image\/","url":"https:\/\/dinorank.com\/master-seo\/wp-content\/uploads\/2023\/01\/logo-h-2.png","contentUrl":"https:\/\/dinorank.com\/master-seo\/wp-content\/uploads\/2023\/01\/logo-h-2.png","width":800,"height":236,"caption":"DinoRANK"},"image":{"@id":"https:\/\/dinorank.com\/master-seo\/#\/schema\/logo\/image\/"}}]}},"_links":{"self":[{"href":"https:\/\/dinorank.com\/master-seo\/wp-json\/wp\/v2\/pages\/458","targetHints":{"allow":["GET"]}}],"collection":[{"href":"https:\/\/dinorank.com\/master-seo\/wp-json\/wp\/v2\/pages"}],"about":[{"href":"https:\/\/dinorank.com\/master-seo\/wp-json\/wp\/v2\/types\/page"}],"author":[{"embeddable":true,"href":"https:\/\/dinorank.com\/master-seo\/wp-json\/wp\/v2\/users\/1"}],"replies":[{"embeddable":true,"href":"https:\/\/dinorank.com\/master-seo\/wp-json\/wp\/v2\/comments?post=458"}],"version-history":[{"count":0,"href":"https:\/\/dinorank.com\/master-seo\/wp-json\/wp\/v2\/pages\/458\/revisions"}],"wp:attachment":[{"href":"https:\/\/dinorank.com\/master-seo\/wp-json\/wp\/v2\/media?parent=458"}],"curies":[{"name":"wp","href":"https:\/\/api.w.org\/{rel}","templated":true}]}}